{"id":2,"date":"2016-02-22T09:37:57","date_gmt":"2016-02-22T08:37:57","guid":{"rendered":"http:\/\/www.olda.com\/wordpress\/?page_id=2"},"modified":"2026-04-17T16:02:02","modified_gmt":"2026-04-17T14:02:02","slug":"om-olda","status":"publish","type":"page","link":"https:\/\/dev.olda.com\/en\/om-olda\/","title":{"rendered":"Om Olda"},"content":{"rendered":"<div data-elementor-type=\"wp-page\" data-elementor-id=\"2\" class=\"elementor elementor-2\" data-elementor-post-type=\"page\">\n\t\t\t\t<div class=\"elementor-element elementor-element-f674f26 e-flex e-con-boxed e-con e-parent\" data-id=\"f674f26\" data-element_type=\"container\" data-e-type=\"container\">\n\t\t\t\t\t<div class=\"e-con-inner\">\n\t\t<div class=\"elementor-element elementor-element-05eb04b e-con-full e-flex e-con e-child\" data-id=\"05eb04b\" data-element_type=\"container\" data-e-type=\"container\">\n\t\t\t\t<div class=\"elementor-element elementor-element-7b4459ce elementor-widget elementor-widget-text-editor\" data-id=\"7b4459ce\" data-element_type=\"widget\" data-e-type=\"widget\" data-widget_type=\"text-editor.default\">\n\t\t\t\t\t\t\t\t\t<p data-start=\"176\" data-end=\"422\">Sedan starten 1985 har OLDA skaffat sig l\u00e5ng erfarenhet av utveckling, konstruktion och tillverkning med st\u00f6rst resurser inom sk\u00e4rande bearbetning.<\/p>\t\t\t\t\t\t\t\t<\/div>\n\t\t\t\t<div class=\"elementor-element elementor-element-edc97e5 elementor-widget elementor-widget-text-editor\" data-id=\"edc97e5\" data-element_type=\"widget\" data-e-type=\"widget\" data-widget_type=\"text-editor.default\">\n\t\t\t\t\t\t\t\t\t<p data-start=\"176\" data-end=\"422\">RZ Olda Innovation AB \u00e4r sedan 2015 certifierade enligt ISO 9001:2015 och ISO 14001:2015. Vi har integrerat arbetmilj\u00f6 i v\u00e5rt ledningsystem och samarbetar \u00f6vriga bolag i RZ gruppen.<\/p><p data-start=\"176\" data-end=\"422\">RZ Olda Innovation AB har en <strong><a href=\"https:\/\/rzg.se\/vara-bolag\/rz-olda\/\" target=\"_blank\" rel=\"noopener\">toppmodern verkstad<\/a><\/strong> med 9 st CNC-fr\u00e4sar (b\u00e5de 3 &amp; 5-axliga) och 4 st CNC-svarvar. Vi erbjuder allt fr\u00e5n prototyp till serier inom sk\u00e4rande bearbetning, laserm\u00e4rkning samt montering av komplicerade produkter.<\/p><p data-start=\"176\" data-end=\"422\"><strong><a href=\"https:\/\/www.rzg.se\/om-oss\/\" target=\"_blank\" rel=\"noopener\">L\u00e4s mera om RZ gruppens \u00f6vriga bolag<\/a><\/strong>, IT s\u00e4kerhetspolicy, visselbl\u00e5sarfunktion och uppf\u00f6randekod.<\/p>\t\t\t\t\t\t\t\t<\/div>\n\t\t\t\t<\/div>\n\t\t<div class=\"elementor-element elementor-element-819caf2 e-con-full e-flex e-con e-child\" data-id=\"819caf2\" data-element_type=\"container\" data-e-type=\"container\">\n\t\t\t\t<div class=\"elementor-element elementor-element-ce880e9 elementor-widget elementor-widget-image\" data-id=\"ce880e9\" data-element_type=\"widget\" data-e-type=\"widget\" data-widget_type=\"image.default\">\n\t\t\t\t\t\t\t\t\t\t\t\t\t\t\t<img fetchpriority=\"high\" decoding=\"async\" width=\"800\" height=\"533\" src=\"https:\/\/dev.olda.com\/wp-content\/uploads\/2026\/04\/OLDA-produkter-1024x682.webp\" class=\"attachment-large size-large wp-image-9265\" alt=\"OLDA produkter\" srcset=\"https:\/\/dev.olda.com\/wp-content\/uploads\/2026\/04\/OLDA-produkter-1024x682.webp 1024w, https:\/\/dev.olda.com\/wp-content\/uploads\/2026\/04\/OLDA-produkter-300x200.webp 300w, https:\/\/dev.olda.com\/wp-content\/uploads\/2026\/04\/OLDA-produkter-150x100.webp 150w, https:\/\/dev.olda.com\/wp-content\/uploads\/2026\/04\/OLDA-produkter-768x511.webp 768w, https:\/\/dev.olda.com\/wp-content\/uploads\/2026\/04\/OLDA-produkter-1536x1022.webp 1536w, https:\/\/dev.olda.com\/wp-content\/uploads\/2026\/04\/OLDA-produkter.webp 1600w\" sizes=\"(max-width: 800px) 100vw, 800px\" \/>\t\t\t\t\t\t\t\t\t\t\t\t\t\t\t<\/div>\n\t\t\t\t<\/div>\n\t\t\t\t\t<\/div>\n\t\t\t\t<\/div>\n\t\t<div class=\"elementor-element elementor-element-f493c50 e-flex e-con-boxed e-con e-parent\" data-id=\"f493c50\" data-element_type=\"container\" data-e-type=\"container\" data-settings=\"{&quot;background_background&quot;:&quot;classic&quot;}\">\n\t\t\t\t\t<div class=\"e-con-inner\">\n\t\t<div class=\"elementor-element elementor-element-43d5029 e-con-full e-flex e-con e-child\" data-id=\"43d5029\" data-element_type=\"container\" data-e-type=\"container\">\n\t\t\t\t<div class=\"elementor-element elementor-element-76bade6 elementor-widget elementor-widget-heading\" data-id=\"76bade6\" data-element_type=\"widget\" data-e-type=\"widget\" data-widget_type=\"heading.default\">\n\t\t\t\t\t<h2 class=\"elementor-heading-title elementor-size-default\">Historia<\/h2>\t\t\t\t<\/div>\n\t\t\t\t<div class=\"elementor-element elementor-element-3bc4485 elementor-widget elementor-widget-text-editor\" data-id=\"3bc4485\" data-element_type=\"widget\" data-e-type=\"widget\" data-widget_type=\"text-editor.default\">\n\t\t\t\t\t\t\t\t\t<p>Utveckling, konstruktion och tillverkning av beslagsprodukter med varum\u00e4rke OLDA\u00ae startade redan 1992. V\u00e5ra mest k\u00e4nda produkter \u00e4r automatiska och manuella kantreglar med fasta dorndjup, koordinatorer, d\u00f6rrstopp och skyddade golvbleck.<\/p><p>OLDA beslagsprodukter finns idag i st\u00f6rre delen av Europa. V\u00e5rt arbete genomsyras av v\u00e5ra innovativa l\u00f6sningar, s\u00e4kerhetst\u00e4nk och flexibilitet.<\/p><p>Detta \u00e4r en grundf\u00f6ruts\u00e4ttning n\u00e4r man tillverkar s\u00e4kerhetsprodukter f\u00f6r t.ex. brand- och utrymningsd\u00f6rrar. H\u00e4r g\u00e4ller det att m\u00f6ta krav fr\u00e5n europeiska brand- och s\u00e4kerhetsstandarder samt kundernas behov p\u00e5 olika marknader.<\/p><p><a href=\"#\">L\u00e4s mer om v\u00e5r policy<\/a><\/p>\t\t\t\t\t\t\t\t<\/div>\n\t\t\t\t<\/div>\n\t\t<div class=\"elementor-element elementor-element-8a77e88 e-con-full e-flex e-con e-child\" data-id=\"8a77e88\" data-element_type=\"container\" data-e-type=\"container\">\n\t\t\t\t<div class=\"elementor-element elementor-element-20532b5 elementor-widget elementor-widget-heading\" data-id=\"20532b5\" data-element_type=\"widget\" data-e-type=\"widget\" data-widget_type=\"heading.default\">\n\t\t\t\t\t<h2 class=\"elementor-heading-title elementor-size-default\">1992<\/h2>\t\t\t\t<\/div>\n\t\t\t\t<\/div>\n\t\t\t\t\t<\/div>\n\t\t\t\t<\/div>\n\t\t<div class=\"elementor-element elementor-element-f0a7a5b e-flex e-con-boxed e-con e-parent\" data-id=\"f0a7a5b\" data-element_type=\"container\" data-e-type=\"container\">\n\t\t\t\t\t<div class=\"e-con-inner\">\n\t\t<div class=\"elementor-element elementor-element-a9a9ee5 e-con-full e-flex e-con e-child\" data-id=\"a9a9ee5\" data-element_type=\"container\" data-e-type=\"container\">\n\t\t\t\t<div class=\"elementor-element elementor-element-33bc301 elementor-widget elementor-widget-image\" data-id=\"33bc301\" data-element_type=\"widget\" data-e-type=\"widget\" data-widget_type=\"image.default\">\n\t\t\t\t\t\t\t\t\t\t\t\t\t\t\t<img decoding=\"async\" width=\"300\" height=\"297\" src=\"https:\/\/dev.olda.com\/wp-content\/uploads\/2021\/04\/OLDA-A3CERT-ISO-9001-14001-300x297.png\" class=\"attachment-medium size-medium wp-image-2963\" alt=\"\" srcset=\"https:\/\/dev.olda.com\/wp-content\/uploads\/2021\/04\/OLDA-A3CERT-ISO-9001-14001-300x297.png 300w, https:\/\/dev.olda.com\/wp-content\/uploads\/2021\/04\/OLDA-A3CERT-ISO-9001-14001-150x150.png 150w, https:\/\/dev.olda.com\/wp-content\/uploads\/2021\/04\/OLDA-A3CERT-ISO-9001-14001-350x347.png 350w, https:\/\/dev.olda.com\/wp-content\/uploads\/2021\/04\/OLDA-A3CERT-ISO-9001-14001-570x564.png 570w, https:\/\/dev.olda.com\/wp-content\/uploads\/2021\/04\/OLDA-A3CERT-ISO-9001-14001-100x100.png 100w, https:\/\/dev.olda.com\/wp-content\/uploads\/2021\/04\/OLDA-A3CERT-ISO-9001-14001.png 709w\" sizes=\"(max-width: 300px) 100vw, 300px\" \/>\t\t\t\t\t\t\t\t\t\t\t\t\t\t\t<\/div>\n\t\t\t\t<\/div>\n\t\t<div class=\"elementor-element elementor-element-584e59f e-con-full e-flex e-con e-child\" data-id=\"584e59f\" data-element_type=\"container\" data-e-type=\"container\">\n\t\t\t\t<div class=\"elementor-element elementor-element-0f2dca5 elementor-widget elementor-widget-heading\" data-id=\"0f2dca5\" data-element_type=\"widget\" data-e-type=\"widget\" data-widget_type=\"heading.default\">\n\t\t\t\t\t<h2 class=\"elementor-heading-title elementor-size-default\">Kvalitet<\/h2>\t\t\t\t<\/div>\n\t\t\t\t<div class=\"elementor-element elementor-element-a8aae1e elementor-widget elementor-widget-text-editor\" data-id=\"a8aae1e\" data-element_type=\"widget\" data-e-type=\"widget\" data-widget_type=\"text-editor.default\">\n\t\t\t\t\t\t\t\t\t<p>Arbetet med kvalitet och milj\u00f6 l\u00f6per som en r\u00f6d tr\u00e5d genom v\u00e5r verksamhet och vi arbetar dagligen med att f\u00f6rb\u00e4ttra oss.<\/p><p><strong>Kvalitetspolicy<\/strong><br \/>RZ OLDA Innovation AB ska uppfylla kunders f\u00f6rv\u00e4ntningar p\u00e5 kvalitet och genom kundn\u00f6jdhet skapa goda aff\u00e4rsrelationer. Vi ska genom effektiva processer st\u00e4ndigt f\u00f6rb\u00e4ttra ledningssystemet f\u00f6r att s\u00e4kerst\u00e4lla att kundkrav, kraven i ISO 9001 och till\u00e4mpliga f\u00f6rfattningskrav uppfylls samt kvalitetsm\u00e5l n\u00e5s.<\/p><p>Alla mekaniska produkter med varum\u00e4rke \u201cOLDA\u201d har 36 m\u00e5naders fabriksgaranti.<br \/><a href=\"#\">L\u00e4s mer om garantipolicy<\/a><\/p>\t\t\t\t\t\t\t\t<\/div>\n\t\t\t\t<\/div>\n\t\t\t\t\t<\/div>\n\t\t\t\t<\/div>\n\t\t<div class=\"elementor-element elementor-element-fa7286d e-flex e-con-boxed e-con e-parent\" data-id=\"fa7286d\" data-element_type=\"container\" data-e-type=\"container\">\n\t\t\t\t\t<div class=\"e-con-inner\">\n\t\t<div class=\"elementor-element elementor-element-5448dd1 e-con-full e-flex e-con e-child\" data-id=\"5448dd1\" data-element_type=\"container\" data-e-type=\"container\">\n\t\t\t\t<div class=\"elementor-element elementor-element-99102c8 elementor-widget elementor-widget-heading\" data-id=\"99102c8\" data-element_type=\"widget\" data-e-type=\"widget\" data-widget_type=\"heading.default\">\n\t\t\t\t\t<h2 class=\"elementor-heading-title elementor-size-default\">H\u00e5llbarhet<\/h2>\t\t\t\t<\/div>\n\t\t\t\t<div class=\"elementor-element elementor-element-9bb863a elementor-widget elementor-widget-text-editor\" data-id=\"9bb863a\" data-element_type=\"widget\" data-e-type=\"widget\" data-widget_type=\"text-editor.default\">\n\t\t\t\t\t\t\t\t\t<p>Vi arbetar kontinuerligt med att f\u00f6rb\u00e4ttra milj\u00f6n och minimera den yttre milj\u00f6p\u00e5verkan f\u00f6r oss sj\u00e4lva, v\u00e5ra produkter och v\u00e5ra kunder.<\/p><p><strong>Milj\u00f6policy<\/strong><br \/>RZ OLDA Innovation AB ska genom milj\u00f6medvetenhet och uppfyllandet av bindande krav, krav i ISO 14001, myndighetskrav och milj\u00f6m\u00e5l, samt st\u00e4ndig f\u00f6rb\u00e4ttring av ledningssystemet uppn\u00e5 produkter och processer med b\u00e4ttre milj\u00f6prestanda. S\u00e4rskilt r\u00f6rande d\u00f6rrbeslagens milj\u00f6prestanda ska vi vara lyh\u00f6rda f\u00f6r vad marknaden efterfr\u00e5gar, vilka f\u00f6rb\u00e4ttringar som \u00e4r m\u00f6jliga och vilken dokumentation som kr\u00e4vs.<br \/><a href=\"#\">L\u00e4s v\u00e5r milj\u00f6policy<\/a><\/p>\t\t\t\t\t\t\t\t<\/div>\n\t\t\t\t<\/div>\n\t\t<div class=\"elementor-element elementor-element-ad8d38e e-con-full e-flex e-con e-child\" data-id=\"ad8d38e\" data-element_type=\"container\" data-e-type=\"container\">\n\t\t\t\t<\/div>\n\t\t\t\t\t<\/div>\n\t\t\t\t<\/div>\n\t\t<div class=\"elementor-element elementor-element-4247177 e-flex e-con-boxed e-con e-parent\" data-id=\"4247177\" data-element_type=\"container\" data-e-type=\"container\">\n\t\t\t\t\t<div class=\"e-con-inner\">\n\t\t<div class=\"elementor-element elementor-element-0fbcec3 e-con-full e-flex e-con e-child\" data-id=\"0fbcec3\" data-element_type=\"container\" data-e-type=\"container\">\n\t\t\t\t<div class=\"elementor-element elementor-element-22d5976 elementor-widget elementor-widget-image\" data-id=\"22d5976\" data-element_type=\"widget\" data-e-type=\"widget\" data-widget_type=\"image.default\">\n\t\t\t\t\t\t\t\t\t\t\t\t\t\t\t<img decoding=\"async\" width=\"800\" height=\"533\" src=\"https:\/\/dev.olda.com\/wp-content\/uploads\/2026\/02\/referenser-hero-1024x682.jpg\" class=\"attachment-large size-large wp-image-9045\" alt=\"\" srcset=\"https:\/\/dev.olda.com\/wp-content\/uploads\/2026\/02\/referenser-hero-1024x682.jpg 1024w, https:\/\/dev.olda.com\/wp-content\/uploads\/2026\/02\/referenser-hero-300x200.jpg 300w, https:\/\/dev.olda.com\/wp-content\/uploads\/2026\/02\/referenser-hero-150x100.jpg 150w, https:\/\/dev.olda.com\/wp-content\/uploads\/2026\/02\/referenser-hero-768x511.jpg 768w, https:\/\/dev.olda.com\/wp-content\/uploads\/2026\/02\/referenser-hero-350x233.jpg 350w, https:\/\/dev.olda.com\/wp-content\/uploads\/2026\/02\/referenser-hero-570x380.jpg 570w, https:\/\/dev.olda.com\/wp-content\/uploads\/2026\/02\/referenser-hero.jpg 1200w\" sizes=\"(max-width: 800px) 100vw, 800px\" \/>\t\t\t\t\t\t\t\t\t\t\t\t\t\t\t<\/div>\n\t\t\t\t<\/div>\n\t\t<div class=\"elementor-element elementor-element-4678c50 e-con-full e-flex e-con e-child\" data-id=\"4678c50\" data-element_type=\"container\" data-e-type=\"container\">\n\t\t\t\t<div class=\"elementor-element elementor-element-8874f4f elementor-widget elementor-widget-heading\" data-id=\"8874f4f\" data-element_type=\"widget\" data-e-type=\"widget\" data-widget_type=\"heading.default\">\n\t\t\t\t\t<h2 class=\"elementor-heading-title elementor-size-default\">Jobba hos oss<\/h2>\t\t\t\t<\/div>\n\t\t\t\t<div class=\"elementor-element elementor-element-7867c9b elementor-widget elementor-widget-text-editor\" data-id=\"7867c9b\" data-element_type=\"widget\" data-e-type=\"widget\" data-widget_type=\"text-editor.default\">\n\t\t\t\t\t\t\t\t\t<p>Vi \u00e4r alltid intresseare av yrkeskunninga personer och satsar kontinuerligt p\u00e5 att vidareutbilda v\u00e5ra medarbetare. Du \u00e4r alltid v\u00e4lkommen med en spontan ans\u00f6kan.<br \/><br \/>Du som utbildar dig \u00e4r alltid v\u00e4lkommen att ans\u00f6ka om praktik eller utbildningsplats.<\/p><p><strong>Arbetsmilj\u00f6policy<\/strong><br \/>RZ OLDA Innovation AB ska vara en f\u00f6rtr\u00e4fflig arbetsplats med kreativ och avsp\u00e4nd arbetsmilj\u00f6.<\/p><p>Vi ska till\u00e4mpa arbetsmilj\u00f6arbetet som en naturlig del i v\u00e5rt dagliga arbete och d\u00e4rigenom bidra till en s\u00e4krare och trevligare arbetsmilj\u00f6 och att v\u00e5ra arbetsmilj\u00f6m\u00e5l n\u00e5s.<\/p><p>Vi arbetar aktivt och f\u00f6rebyggande med att minska arbetsmilj\u00f6riskerna genom riskanalyser, underh\u00e5ll, 5S, kompetensutveckling och skyddsronder mm.<\/p>\t\t\t\t\t\t\t\t<\/div>\n\t\t\t\t<\/div>\n\t\t\t\t\t<\/div>\n\t\t\t\t<\/div>\n\t\t\t\t<\/div>","protected":false},"excerpt":{"rendered":"<p>Sedan starten 1985 har OLDA skaffat sig l\u00e5ng erfarenhet av utveckling, konstruktion och tillverkning med st\u00f6rst resurser inom sk\u00e4rande bearbetning. RZ Olda Innovation AB \u00e4r sedan 2015 certifierade enligt ISO 9001:2015 och ISO 14001:2015. Vi har integrerat arbetmilj\u00f6 i v\u00e5rt ledningsystem och samarbetar \u00f6vriga bolag i RZ gruppen. RZ Olda Innovation AB har en toppmodern [&hellip;]<\/p>\n","protected":false},"author":1,"featured_media":0,"parent":0,"menu_order":0,"comment_status":"closed","ping_status":"closed","template":"","meta":{"_acf_changed":false,"footnotes":""},"class_list":["post-2","page","type-page","status-publish","hentry"],"acf":[],"_links":{"self":[{"href":"https:\/\/dev.olda.com\/en\/wp-json\/wp\/v2\/pages\/2","targetHints":{"allow":["GET"]}}],"collection":[{"href":"https:\/\/dev.olda.com\/en\/wp-json\/wp\/v2\/pages"}],"about":[{"href":"https:\/\/dev.olda.com\/en\/wp-json\/wp\/v2\/types\/page"}],"author":[{"embeddable":true,"href":"https:\/\/dev.olda.com\/en\/wp-json\/wp\/v2\/users\/1"}],"replies":[{"embeddable":true,"href":"https:\/\/dev.olda.com\/en\/wp-json\/wp\/v2\/comments?post=2"}],"version-history":[{"count":20,"href":"https:\/\/dev.olda.com\/en\/wp-json\/wp\/v2\/pages\/2\/revisions"}],"predecessor-version":[{"id":9281,"href":"https:\/\/dev.olda.com\/en\/wp-json\/wp\/v2\/pages\/2\/revisions\/9281"}],"wp:attachment":[{"href":"https:\/\/dev.olda.com\/en\/wp-json\/wp\/v2\/media?parent=2"}],"curies":[{"name":"wp","href":"https:\/\/api.w.org\/{rel}","templated":true}]}}