{"id":21,"date":"2016-02-22T14:03:43","date_gmt":"2016-02-22T13:03:43","guid":{"rendered":"http:\/\/www.olda.com\/wordpress\/?page_id=21"},"modified":"2025-01-10T12:56:37","modified_gmt":"2025-01-10T11:56:37","slug":"aterforsaljare","status":"publish","type":"page","link":"https:\/\/dev.olda.com\/en\/aterforsaljare\/","title":{"rendered":"\u00c5terf\u00f6rs\u00e4ljare"},"content":{"rendered":"<p>[vc_row type=&#8221;boxed&#8221; css=&#8221;.vc_custom_1456998120101{margin-top: 12% !important;margin-bottom: 3% !important;}&#8221;][vc_column width=&#8221;1\/6&#8243;][\/vc_column][vc_column width=&#8221;2\/3&#8243;][vc_column_text 0=&#8221;&#8221;]<\/p>\n<h1 style=\"text-align: center;\">\u00c5terf\u00f6rs\u00e4ljare<\/h1>\n<p>[\/vc_column_text][vc_column_text 0=&#8221;&#8221;]<\/p>\n<p style=\"text-align: center;\">Vi har samarbetspartners \u00f6ver hela Europa f\u00f6r v\u00e5ra produkter. Nedan finner du n\u00e5gra av de svenska grossister som har OLDAs d\u00f6rrbeslag med i sitt sortiment.<\/p>\n<p style=\"text-align: center;\">S\u00f6ker du efter en lokal \u00e5terf\u00f6rs\u00e4ljare i just ditt omr\u00e5de, representerar du en grossist som vill kunna erbjuda sina kunder OLDAs produkter eller \u00e4r du d\u00f6rrtillverkare som \u00f6nskar en produkt speciellt anpassad f\u00f6r dina behov? &#8211; <a href=\"http:\/\/www.olda.com\/kontakt\/\">Kontakta oss!<\/a><\/p>\n<p>[\/vc_column_text][\/vc_column][vc_column width=&#8221;1\/6&#8243;][\/vc_column][\/vc_row][vc_row 0=&#8221;&#8221;][vc_column 0=&#8221;&#8221;][vc_column_text 0=&#8221;&#8221;]<\/p>\n<h2 style=\"text-align: center;\">\u00c5terf\u00f6rs\u00e4ljare listade<\/h2>\n<p>[\/vc_column_text][\/vc_column][\/vc_row][vc_row type=&#8221;boxed&#8221;][vc_column width=&#8221;1\/3&#8243;][vc_column_text 0=&#8221;&#8221; css=&#8221;&#8221;]<strong>Copiax<\/strong><br \/>\nTel: 010-471 78 00<br \/>\n<a href=\"mailto:info@copiax.se\">info@copiax.se<br \/>\n<\/a><a href=\"https:\/\/www.copiax.se\/\" target=\"_blank\" rel=\"noopener\">www.copiax.se<\/a>[\/vc_column_text][\/vc_column][vc_column width=&#8221;1\/3&#8243;][vc_column_text 0=&#8221;&#8221; css=&#8221;&#8221;]<strong>G\u00f6thes IndustriBeslag<\/strong><br \/>\nTel: 010-483 40 00<br \/>\n<a href=\"mailto:info@gothes.se\">info@gothes.se<\/a><br \/>\n<a href=\"https:\/\/www.gothes.se\/\" target=\"_blank\" rel=\"noopener\">www.gothes.se<\/a>[\/vc_column_text][\/vc_column][vc_column width=&#8221;1\/3&#8243;][vc_column_text 0=&#8221;&#8221; css=&#8221;&#8221;]<strong>Svenssons<br \/>\n<\/strong>Tenhult: Tel: 036-39 06 40<br \/>\n<a href=\"mailto:info@svenssonsitenhult.se\">info@svenssonsitenhult.se<\/a><\/p>\n<p>Knislinge: Tel: 044-604 10<br \/>\n<a href=\"mailto:info@svenssonsiknislinge.se\">info@svenssonsiknislinge.se<\/a><\/p>\n<p><a href=\"https:\/\/www.svenssonsbeslag.se\/\" target=\"_blank\" rel=\"noopener\">www.svenssonsbeslag.se<\/a>[\/vc_column_text][\/vc_column][\/vc_row][vc_row][vc_column width=&#8221;1\/3&#8243;][vc_column_text 0=&#8221;&#8221; css=&#8221;&#8221;]<strong>Byggbeslag<\/strong><br \/>\nTel: 020-221 221<br \/>\n<a href=\"mailto:info@byggbeslag.se\">info@byggbeslag.se<\/a><br \/>\n<a href=\"https:\/\/www.byggbeslag.se\/\" target=\"_blank\" rel=\"noopener\">www.byggbeslag.se<\/a>[\/vc_column_text][\/vc_column][vc_column width=&#8221;1\/3&#8243;][vc_column_text 0=&#8221;&#8221; css=&#8221;&#8221;]<strong>AXS Nordic<\/strong><br \/>\nTel. Sthlm: 08-607 30 05<br \/>\nTel. Gbg: 031-780 59 00<br \/>\n<a href=\"mailto:info@axsnordic.com\">info@axsnordic.com<\/a><br \/>\n<a href=\"https:\/\/axsnordic.com\/\" target=\"_blank\" rel=\"noopener\">axsnordic.com<\/a>[\/vc_column_text][\/vc_column][vc_column width=&#8221;1\/3&#8243;][vc_column_text 0=&#8221;&#8221; css=&#8221;&#8221;]<strong>Sk\u00e5nebeslag AB<\/strong><br \/>\nTel: 040-430 180<br \/>\n<a href=\"mailto:info@skanebeslag.se\">info@skanebeslag.se<\/a><br \/>\n<a href=\"https:\/\/www.skanebeslag.se\/\" target=\"_blank\" rel=\"noopener\">www.skanebeslag.se<\/a>[\/vc_column_text][\/vc_column][\/vc_row]<\/p>\n","protected":false},"excerpt":{"rendered":"<p>[vc_row type=&#8221;boxed&#8221; css=&#8221;.vc_custom_1456998120101{margin-top: 12% !important;margin-bottom: 3% !important;}&#8221;][vc_column width=&#8221;1\/6&#8243;][\/vc_column][vc_column width=&#8221;2\/3&#8243;][vc_column_text 0=&#8221;&#8221;] \u00c5terf\u00f6rs\u00e4ljare [\/vc_column_text][vc_column_text 0=&#8221;&#8221;] Vi har samarbetspartners \u00f6ver hela Europa f\u00f6r v\u00e5ra produkter. Nedan finner du n\u00e5gra av de svenska grossister som har OLDAs d\u00f6rrbeslag med i sitt sortiment. S\u00f6ker du efter en lokal \u00e5terf\u00f6rs\u00e4ljare i just ditt omr\u00e5de, representerar du en grossist som vill kunna [&hellip;]<\/p>\n","protected":false},"author":1,"featured_media":0,"parent":0,"menu_order":0,"comment_status":"closed","ping_status":"closed","template":"page-boxed.php","meta":{"_acf_changed":false,"footnotes":""},"class_list":["post-21","page","type-page","status-publish","hentry"],"acf":[],"_links":{"self":[{"href":"https:\/\/dev.olda.com\/en\/wp-json\/wp\/v2\/pages\/21","targetHints":{"allow":["GET"]}}],"collection":[{"href":"https:\/\/dev.olda.com\/en\/wp-json\/wp\/v2\/pages"}],"about":[{"href":"https:\/\/dev.olda.com\/en\/wp-json\/wp\/v2\/types\/page"}],"author":[{"embeddable":true,"href":"https:\/\/dev.olda.com\/en\/wp-json\/wp\/v2\/users\/1"}],"replies":[{"embeddable":true,"href":"https:\/\/dev.olda.com\/en\/wp-json\/wp\/v2\/comments?post=21"}],"version-history":[{"count":5,"href":"https:\/\/dev.olda.com\/en\/wp-json\/wp\/v2\/pages\/21\/revisions"}],"predecessor-version":[{"id":8788,"href":"https:\/\/dev.olda.com\/en\/wp-json\/wp\/v2\/pages\/21\/revisions\/8788"}],"wp:attachment":[{"href":"https:\/\/dev.olda.com\/en\/wp-json\/wp\/v2\/media?parent=21"}],"curies":[{"name":"wp","href":"https:\/\/api.w.org\/{rel}","templated":true}]}}