{"id":23,"date":"2016-02-22T14:03:55","date_gmt":"2016-02-22T13:03:55","guid":{"rendered":"http:\/\/www.olda.com\/wordpress\/?page_id=23"},"modified":"2016-03-13T07:51:32","modified_gmt":"2016-03-13T06:51:32","slug":"legotillverkning","status":"publish","type":"page","link":"https:\/\/dev.olda.com\/en\/legotillverkning\/","title":{"rendered":"Legotillverkning"},"content":{"rendered":"<p>[vc_row parallax=&#8221;content-moving&#8221; parallax_image=&#8221;1011&#8243; font_color=&#8221;#000000&#8243; css=&#8221;.vc_custom_1457084792085{padding-top: 110px !important;padding-bottom: 145px !important;background-position: center;background-repeat: no-repeat;background-size: cover !important;}&#8221; background_style=&#8221;parallax&#8221;][vc_column css=&#8221;.vc_custom_1457001300182{padding-top: 0px !important;}&#8221;][vc_column_text]<\/p>\n<h1 style=\"text-align: center; color: #fff;\">Legotillverkning<\/h1>\n<p>[\/vc_column_text][vc_column_text][\/vc_column_text][\/vc_column][\/vc_row][vc_row type=&#8221;boxed&#8221; css=&#8221;.vc_custom_1457700610627{padding-top: 2% !important;padding-bottom: 3% !important;}&#8221;][vc_column width=&#8221;1\/6&#8243;][\/vc_column][vc_column width=&#8221;2\/3&#8243; css=&#8221;.vc_custom_1457001728834{padding-top: 50px !important;}&#8221;][vc_column_text]<\/p>\n<h2 style=\"text-align: center;\">Mekanisk verkstad med resurser<\/h2>\n<p>[\/vc_column_text][vc_column_text]Vi har alltid uppskattat utmaningen att tillverka produkter i sm\u00e5serier, kr\u00e4vande toleranser och skarpa deadlines. Vi ser oss sj\u00e4lva som en p\u00e5litlig och kreativ samarbetspartner som g\u00e4rna tar initiativ f\u00f6r att l\u00f6sa alla typer av tillverkningsutmaningar.<\/p>\n<p><img fetchpriority=\"high\" decoding=\"async\" class=\"alignnone size-large wp-image-1350\" src=\"http:\/\/www.olda.com\/wp-content\/uploads\/2016\/02\/IMG_2190-1-1024x433.jpg\" alt=\"IMG_2190\" width=\"900\" height=\"381\" srcset=\"https:\/\/dev.olda.com\/wp-content\/uploads\/2016\/02\/IMG_2190-1-1024x433.jpg 1024w, https:\/\/dev.olda.com\/wp-content\/uploads\/2016\/02\/IMG_2190-1-350x148.jpg 350w, https:\/\/dev.olda.com\/wp-content\/uploads\/2016\/02\/IMG_2190-1-570x241.jpg 570w, https:\/\/dev.olda.com\/wp-content\/uploads\/2016\/02\/IMG_2190-1-150x63.jpg 150w, https:\/\/dev.olda.com\/wp-content\/uploads\/2016\/02\/IMG_2190-1-300x127.jpg 300w, https:\/\/dev.olda.com\/wp-content\/uploads\/2016\/02\/IMG_2190-1-768x324.jpg 768w, https:\/\/dev.olda.com\/wp-content\/uploads\/2016\/02\/IMG_2190-1.jpg 1927w\" sizes=\"(max-width: 900px) 100vw, 900px\" \/><\/p>\n<p>V\u00e5r fokus och styrka finns inom sk\u00e4rande bearbetning, b\u00e5de fr\u00e4sning och svarvning. Vi erbjuder v\u00e5ra kunder en bredd av expertis och ett engagemang att leverera r\u00e4tt produkt, till r\u00e4tt kvalit\u00e9 i r\u00e4tt tid.<\/p>\n<blockquote><p>Vi vet att vi inte \u00e4r st\u00f6rst, d\u00e4rf\u00f6r str\u00e4var vi mot att vara b\u00e4st<\/p><\/blockquote>\n<p>I ett steg att st\u00e4ndigt f\u00f6rb\u00e4ttra oss implementerade vi under 2015 aff\u00e4rssystemet Monitor f\u00f6r att enkelt och \u00f6versk\u00e5dligt kunna styra v\u00e5r verksamhet fram\u00e5t.<\/p>\n<p>Maskinm\u00e4ssigt har vi bland annat en treaxlig Haas VF9 med bearbetningsomr\u00e5de p\u00e5 2 x 1 x 0,9 m vilket m\u00f6jligg\u00f6r bearbetning av st\u00f6rre arbetsstycken. Automatiserade svarvar med en st\u00e5ngmatning p\u00e5 max diameter 42 mm.<\/p>\n<p>Vi erbjuder Co2 laserm\u00e4rkning med p\u00e5 en yta av 100 x 100 mm f\u00f6r till exempel sp\u00e5rbarhet eller designm\u00e4ssiga sk\u00e4l.[\/vc_column_text][\/vc_column][vc_column width=&#8221;1\/6&#8243;][\/vc_column][\/vc_row]<\/p>\n","protected":false},"excerpt":{"rendered":"<p>[vc_row parallax=&#8221;content-moving&#8221; parallax_image=&#8221;1011&#8243; font_color=&#8221;#000000&#8243; css=&#8221;.vc_custom_1457084792085{padding-top: 110px !important;padding-bottom: 145px !important;background-position: center;background-repeat: no-repeat;background-size: cover !important;}&#8221; background_style=&#8221;parallax&#8221;][vc_column css=&#8221;.vc_custom_1457001300182{padding-top: 0px !important;}&#8221;][vc_column_text] Legotillverkning [\/vc_column_text][vc_column_text][\/vc_column_text][\/vc_column][\/vc_row][vc_row type=&#8221;boxed&#8221; css=&#8221;.vc_custom_1457700610627{padding-top: 2% !important;padding-bottom: 3% !important;}&#8221;][vc_column width=&#8221;1\/6&#8243;][\/vc_column][vc_column width=&#8221;2\/3&#8243; css=&#8221;.vc_custom_1457001728834{padding-top: 50px !important;}&#8221;][vc_column_text] Mekanisk verkstad med resurser [\/vc_column_text][vc_column_text]Vi har alltid uppskattat utmaningen att tillverka produkter i sm\u00e5serier, kr\u00e4vande toleranser och skarpa deadlines. Vi ser oss sj\u00e4lva som en [&hellip;]<\/p>\n","protected":false},"author":1,"featured_media":0,"parent":0,"menu_order":0,"comment_status":"closed","ping_status":"closed","template":"page-full-width.php","meta":{"_acf_changed":false,"footnotes":""},"class_list":["post-23","page","type-page","status-publish","hentry"],"acf":[],"_links":{"self":[{"href":"https:\/\/dev.olda.com\/en\/wp-json\/wp\/v2\/pages\/23","targetHints":{"allow":["GET"]}}],"collection":[{"href":"https:\/\/dev.olda.com\/en\/wp-json\/wp\/v2\/pages"}],"about":[{"href":"https:\/\/dev.olda.com\/en\/wp-json\/wp\/v2\/types\/page"}],"author":[{"embeddable":true,"href":"https:\/\/dev.olda.com\/en\/wp-json\/wp\/v2\/users\/1"}],"replies":[{"embeddable":true,"href":"https:\/\/dev.olda.com\/en\/wp-json\/wp\/v2\/comments?post=23"}],"version-history":[{"count":0,"href":"https:\/\/dev.olda.com\/en\/wp-json\/wp\/v2\/pages\/23\/revisions"}],"wp:attachment":[{"href":"https:\/\/dev.olda.com\/en\/wp-json\/wp\/v2\/media?parent=23"}],"curies":[{"name":"wp","href":"https:\/\/api.w.org\/{rel}","templated":true}]}}