{"id":25,"date":"2016-02-22T14:04:05","date_gmt":"2016-02-22T13:04:05","guid":{"rendered":"http:\/\/www.olda.com\/wordpress\/?page_id=25"},"modified":"2025-06-03T16:32:05","modified_gmt":"2025-06-03T14:32:05","slug":"kontakt","status":"publish","type":"page","link":"https:\/\/dev.olda.com\/en\/kontakt\/","title":{"rendered":"Kontakt"},"content":{"rendered":"<p>[vc_row type=&#8221;boxed&#8221; css=&#8221;.vc_custom_1456755682644{margin-top: 12% !important;margin-bottom: 3% !important;}&#8221;][vc_column width=&#8221;1\/6&#8243;][\/vc_column][vc_column width=&#8221;2\/3&#8243;][vc_column_text]<\/p>\n<h1 style=\"text-align: center;\">Kontakta oss<\/h1>\n<p>[\/vc_column_text][vc_column_text]<\/p>\n<p style=\"text-align: center;\">Du kanske redan anv\u00e4nder v\u00e5ra produkter eller tj\u00e4nster. S\u00f6ker en ny samarbetspartner f\u00f6r Lego &amp; Prototyp-tillverkning. Har fr\u00e5gor om v\u00e5ra d\u00f6rrbeslag. Eller helt enkelt vill veta lite mer om vad vi kan erbjuda \u2013 tveka inte att kontakta oss.<\/p>\n<p style=\"text-align: center;\"><strong>Legotillverkning: <\/strong>031-26 68 91<\/p>\n<p style=\"text-align: center;\"><strong>Beslag: <\/strong>031-26 68 92 \/ <a href=\"mailto:beslag@olda.com\">beslag@olda.com<\/a><\/p>\n<p style=\"text-align: center;\">Vi h\u00f6rs!<\/p>\n<p>[\/vc_column_text][\/vc_column][vc_column width=&#8221;1\/6&#8243;][\/vc_column][\/vc_row][vc_row equal_height=&#8221;yes&#8221; type=&#8221;boxed&#8221; css=&#8221;.vc_custom_1686673177536{margin-top: 3% !important;}&#8221;][vc_column width=&#8221;1\/5&#8243;][\/vc_column][vc_column width=&#8221;1\/5&#8243;][vc_single_image image=&#8221;7466&#8243; img_size=&#8221;large&#8221; css=&#8221;.vc_custom_1660654316505{margin-bottom: 15px !important;}&#8221;][vc_column_text]<strong>Jan-Erik Svensson<\/strong><br \/>\n<i>VD<br \/>\nF\u00f6rs\u00e4ljning Lego<\/i><br \/>\n031-719 60 58<br \/>\n<a href=\"mailto:jan-erik.svensson@olda.com\">jan-erik.svensson@olda.com<\/a>[\/vc_column_text][\/vc_column][vc_column width=&#8221;1\/5&#8243; offset=&#8221;vc_col-xs-6&#8243;][vc_single_image image=&#8221;8811&#8243; img_size=&#8221;large&#8221; css=&#8221;.vc_custom_1748949425029{margin-bottom: 15px !important;}&#8221;][vc_column_text css=&#8221;&#8221;]<strong>Mattias Alexandersson<\/strong><br \/>\n<i>Produktionsplanerare Lego<\/i><br \/>\n031-26 68 93<br \/>\n<a href=\"mailto:mattias.alexandersson@olda.com\">mattias.alexandersson@olda.com<\/a>[\/vc_column_text][\/vc_column][vc_column width=&#8221;1\/5&#8243;][vc_single_image image=&#8221;1568&#8243; img_size=&#8221;large&#8221; css=&#8221;.vc_custom_1457957927350{margin-bottom: 15px !important;}&#8221;][vc_column_text]<strong>Tommi Johansson<\/strong><br \/>\n<i>Verkstadsansvarig Lego<\/i><br \/>\n031-26 68 91<br \/>\n<a href=\"mailto:tommi.johansson@olda.com\">tommi.johansson@olda.com<\/a>[\/vc_column_text][\/vc_column][vc_column width=&#8221;1\/5&#8243;][\/vc_column][\/vc_row][vc_row equal_height=&#8221;yes&#8221; type=&#8221;boxed&#8221;][vc_column width=&#8221;1\/5&#8243;][\/vc_column][vc_column width=&#8221;1\/5&#8243; offset=&#8221;vc_col-xs-6&#8243;][vc_single_image image=&#8221;1564&#8243; img_size=&#8221;large&#8221; css=&#8221;.vc_custom_1457957968382{margin-bottom: 15px !important;}&#8221;][vc_column_text]<strong>Jonas Brand\u00e9n<\/strong><br \/>\n<i>Teknisk support<br \/>\nOrder<br \/>\nD\u00f6rrbeslag<br \/>\n<\/i>031-26 68 92<br \/>\n<a href=\"mailto:jonas.branden@olda.com\">jonas.branden@olda.com<\/a>[\/vc_column_text][\/vc_column][vc_column width=&#8221;1\/5&#8243; offset=&#8221;vc_col-xs-6&#8243;][vc_single_image image=&#8221;2898&#8243; img_size=&#8221;large&#8221; css=&#8221;.vc_custom_1583491140598{margin-bottom: 15px !important;}&#8221;][vc_column_text]<strong>Anders Pihl<\/strong><br \/>\n<i><em>D\u00f6rrindustri- och<br \/>\n\u00c5F-support<\/em><\/i><i><br \/>\nD\u00f6rrbeslag<br \/>\n<\/i>031-26 68 95<br \/>\n<a href=\"mailto:anders.pihl@olda.com\">anders.pihl@olda.com<\/a>[\/vc_column_text][\/vc_column][vc_column width=&#8221;1\/5&#8243; offset=&#8221;vc_col-xs-6&#8243;][vc_single_image image=&#8221;8806&#8243; img_size=&#8221;large&#8221; css=&#8221;.vc_custom_1748949167741{margin-bottom: 15px !important;}&#8221;][vc_column_text css=&#8221;&#8221;]<strong>Sabedin Belaj<\/strong><br \/>\n<i>Produktionsansvarig<br \/>\nD\u00f6rrbeslag<br \/>\n<\/i>031-719 13 92<br \/>\n<a href=\"mailto:sabedin.belaj@olda.com\">sabedin.belaj@olda.com<\/a>[\/vc_column_text][\/vc_column][vc_column width=&#8221;1\/5&#8243;][\/vc_column][\/vc_row][vc_row equal_height=&#8221;yes&#8221; type=&#8221;boxed&#8221;][vc_column width=&#8221;1\/5&#8243;][\/vc_column][vc_column width=&#8221;1\/5&#8243; offset=&#8221;vc_col-xs-6&#8243;][vc_column_text]<\/p>\n<p><strong>Marie Mattsson<\/strong><br \/>\n<i><em>Ekonomi<\/em><br \/>\n<\/i>031-719 60 44<br \/>\n<a href=\"mailto:marie.mattsson@rzgruppen.se\">marie.mattsson@rzgruppen.se<\/a><\/p>\n<p>&nbsp;<\/p>\n<p>[\/vc_column_text][\/vc_column][vc_column width=&#8221;1\/5&#8243;][\/vc_column][vc_column width=&#8221;1\/5&#8243;][\/vc_column][vc_column width=&#8221;1\/5&#8243;][\/vc_column][\/vc_row][vc_row type=&#8221;boxed&#8221; background_style=&#8221;normal&#8221; css=&#8221;.vc_custom_1456501123828{margin-top: 3% !important;}&#8221;][vc_column width=&#8221;1\/6&#8243;][\/vc_column][vc_column width=&#8221;3\/6&#8243; css=&#8221;.vc_custom_1456242576478{padding-bottom: 15px !important;}&#8221;][vc_gmaps link=&#8221;#E-8_JTNDaWZyYW1lJTIwc3JjJTNEJTIyaHR0cHMlM0ElMkYlMkZ3d3cuZ29vZ2xlLmNvbSUyRm1hcHMlMkZlbWJlZCUzRnBiJTNEJTIxMW0xOCUyMTFtMTIlMjExbTMlMjExZDIxMzMuMDI2NjgyNjUzOTk1JTIxMmQxMi4yMTIwOTA0OTk5OTk5ODYlMjEzZDU3LjY4MjAyNTI5OTk5OTk4NSUyMTJtMyUyMTFmMCUyMTJmMCUyMTNmMCUyMTNtMiUyMTFpMTAyNCUyMTJpNzY4JTIxNGYxMy4xJTIxM20zJTIxMW0yJTIxMXMweDAlMjUzQTB4ODk4MGU0MGU5NjAwYzk0NSUyMTJzUlolMjUyME9sZGElMjUyMElubm92YXRpb24lMjE1ZTAlMjEzbTIlMjExc3N2JTIxMnNzZSUyMTR2MTY2MTQxMTM5ODIxNCUyMTVtMiUyMTFzc3YlMjEyc3NlJTIyJTIwd2lkdGglM0QlMjI2MDAlMjIlMjBoZWlnaHQlM0QlMjI0NTAlMjIlMjBzdHlsZSUzRCUyMmJvcmRlciUzQTAlM0IlMjIlMjBhbGxvd2Z1bGxzY3JlZW4lM0QlMjIlMjIlMjBsb2FkaW5nJTNEJTIybGF6eSUyMiUyMHJlZmVycmVycG9saWN5JTNEJTIybm8tcmVmZXJyZXItd2hlbi1kb3duZ3JhZGUlMjIlM0UlM0MlMkZpZnJhbWUlM0U=&#8221;][\/vc_column][vc_column width=&#8221;2\/6&#8243;][vc_column_text css=&#8221;.vc_custom_1660738375535{margin-top: 0px !important;margin-bottom: 0px !important;}&#8221;]<strong>RZ Olda Innovation AB<\/strong><br \/>\nMagasinsv\u00e4gen 7<br \/>\n438 36 Landvetter<br \/>\nOrg. Nr: 556592-7224<br \/>\n<a href=\"mailto:info@olda.com\">info@olda.com<\/a><\/p>\n<p>leverant\u00f6rsfakturor: <a href=\"mailto:finans@rzgruppen.se\">finans@rzgruppen.se<\/a>[\/vc_column_text][\/vc_column][\/vc_row]<\/p>\n","protected":false},"excerpt":{"rendered":"<p>[vc_row type=&#8221;boxed&#8221; css=&#8221;.vc_custom_1456755682644{margin-top: 12% !important;margin-bottom: 3% !important;}&#8221;][vc_column width=&#8221;1\/6&#8243;][\/vc_column][vc_column width=&#8221;2\/3&#8243;][vc_column_text] Kontakta oss [\/vc_column_text][vc_column_text] Du kanske redan anv\u00e4nder v\u00e5ra produkter eller tj\u00e4nster. S\u00f6ker en ny samarbetspartner f\u00f6r Lego &amp; Prototyp-tillverkning. Har fr\u00e5gor om v\u00e5ra d\u00f6rrbeslag. Eller helt enkelt vill veta lite mer om vad vi kan erbjuda \u2013 tveka inte att kontakta oss. Legotillverkning: 031-26 68 91 [&hellip;]<\/p>\n","protected":false},"author":1,"featured_media":0,"parent":0,"menu_order":0,"comment_status":"closed","ping_status":"closed","template":"page-full-width.php","meta":{"_acf_changed":false,"footnotes":""},"class_list":["post-25","page","type-page","status-publish","hentry"],"acf":[],"_links":{"self":[{"href":"https:\/\/dev.olda.com\/en\/wp-json\/wp\/v2\/pages\/25","targetHints":{"allow":["GET"]}}],"collection":[{"href":"https:\/\/dev.olda.com\/en\/wp-json\/wp\/v2\/pages"}],"about":[{"href":"https:\/\/dev.olda.com\/en\/wp-json\/wp\/v2\/types\/page"}],"author":[{"embeddable":true,"href":"https:\/\/dev.olda.com\/en\/wp-json\/wp\/v2\/users\/1"}],"replies":[{"embeddable":true,"href":"https:\/\/dev.olda.com\/en\/wp-json\/wp\/v2\/comments?post=25"}],"version-history":[{"count":11,"href":"https:\/\/dev.olda.com\/en\/wp-json\/wp\/v2\/pages\/25\/revisions"}],"predecessor-version":[{"id":8814,"href":"https:\/\/dev.olda.com\/en\/wp-json\/wp\/v2\/pages\/25\/revisions\/8814"}],"wp:attachment":[{"href":"https:\/\/dev.olda.com\/en\/wp-json\/wp\/v2\/media?parent=25"}],"curies":[{"name":"wp","href":"https:\/\/api.w.org\/{rel}","templated":true}]}}