{"id":2679,"date":"2019-11-25T09:52:54","date_gmt":"2019-11-25T08:52:54","guid":{"rendered":"https:\/\/www.olda.com\/?page_id=2679"},"modified":"2024-07-01T11:38:54","modified_gmt":"2024-07-01T09:38:54","slug":"branschen-och-standarder","status":"publish","type":"page","link":"https:\/\/dev.olda.com\/en\/branschen-och-standarder\/","title":{"rendered":"Branschen och standarder"},"content":{"rendered":"<h2>S\u00e4kerhetsbranschen<\/h2>\n<p>Vi anser att det \u00e4r viktigt att samverka och h\u00e5lla sig uppdaterad om vad som h\u00e4nder i branschen och aktuella diskussioner i samh\u00e4llet, som r\u00f6r s\u00e4kerhet, brandskydd, byggregler och tillg\u00e4nglighet etc.<br \/>\n\u00c4ven att f\u00f6lja och st\u00f6dja utvecklingen av nya standarder inom dessa omr\u00e5den \u00e4r viktigt f\u00f6r framtiden.<br \/>\nD\u00e4rf\u00f6r \u00e4r RZ OLDA medlem i branschorganisationen f\u00f6r &#8221;S\u00e4kerhet inom Elektronik och Mekanik&#8221;, SEM Group.<\/p>\n<p><em>Fr\u00e5n <\/em><a href=\"http:\/\/www.semgroup.se\" target=\"_blank\" rel=\"noopener noreferrer\">(<em><strong>www.semgroup.se<\/strong><\/em>):<\/a><br \/>\n<em>&#8221;SEM Group \u00e4r den naturliga m\u00f6tesplatsen f\u00f6r tillverkare av fysisk och elektronisk s\u00e4kerhet.<\/em><br \/>\n<em>Vi p\u00e5verkar standards, driver utbildning och tar fram verktyg som underl\u00e4ttar ditt f\u00f6retagande.<\/em><\/p>\n<p><em>SEM Group \u00e4r en stark samlad r\u00f6st som driver viktiga branschfr\u00e5gor i Sverige, Norden och inom EU.<\/em><br \/>\n<em>SEM Group ska alltid uppfattas som den ledande branschakt\u00f6ren d\u00e4rf\u00f6r att vi \u00e4r professionella, ansvarstagande och trov\u00e4rdiga.<\/em><br \/>\n<em>V\u00e5r vision \u00e4r att aktivt bidra till ett s\u00e4krare och tryggare samh\u00e4lle.<\/em><\/p>\n<p><em>SEM Group \u00e4r i Sverige med i <a href=\"https:\/\/sakerhetsbranschen.se\/\" target=\"_blank\" rel=\"noopener noreferrer\"><strong>S\u00e4kerhetsBranschen<\/strong><\/a> med totalt 440 f\u00f6retag och 33 000 medarbetare.<\/em><br \/>\n<em>Internationellt \u00e4r SEM Group medlem i <strong>ARGE<\/strong> (The European Federation of Associations of Locks and Builders Hardware Manufacturers) med \u00f6ver 230 europeiska tillverkare av s\u00e4kerhetsprodukter.<\/em><br \/>\n<em>ARGE bedriver branschspecifika fr\u00e5gor n\u00e4r det g\u00e4ller standards inom EU-omr\u00e5det och fungerar som r\u00e5dgivare i tekniska fr\u00e5gor, bland annat f\u00f6r Europeiska Standardiseringskommissionen (CEN)&#8221;<\/em><\/p>\n<p>&nbsp;<\/p>\n<p>En annan viktig akt\u00f6r inom branschen \u00e4r Sveriges L\u00e5s och S\u00e4kerhetsleverant\u00f6rers Riksf\u00f6rbund (<a href=\"https:\/\/slr.se\/\" target=\"_blank\" rel=\"noopener noreferrer\">SLR<\/a>), som \u00e4r en rikst\u00e4ckande organisation f\u00f6r l\u00e5sm\u00e4stare fr\u00e5n Trelleborg till Kiruna. De \u00e4r anslutna till S\u00e4kerhetsBranschen och European Locksmith Federation. De ger \u00e4ven ut tidningen S\u00e4kerhetsinstallat\u00f6ren.<\/p>\n<p>&nbsp;<\/p>\n<h2>D\u00f6rrbeslag och standarder<\/h2>\n<p>M\u00e5nga d\u00f6rrbeslag och dess relevanta egenskaper finns beskrivna i en egen Europa standard.<br \/>\nOm denna standard \u00e4r harmoniserad (tvingande), ska ett certifikat utf\u00e4rdas som visar att produkten uppfyller Byggproduktf\u00f6rordningen (CPR) utf\u00e4rdat av EU och skall d\u00e4rmed CE m\u00e4rkas.<br \/>\nEn prestandadeklaration (Declaration of Performance &#8211; DoP) skall d\u00e5 ocks\u00e5 uppr\u00e4ttas f\u00f6r produkten enligt standarden.<\/p>\n<p>Viktigt att t\u00e4nka p\u00e5 \u00e4r att byggreglerna inom EU skiljer sig mellan de olika l\u00e4nderna. D\u00e4rmed \u00e4r ocks\u00e5 kraven f\u00f6r anv\u00e4ndning av byggprodukter olika. Och en produkt \u00e4r inte &#8221;godk\u00e4nd&#8221; endast p\u00e5 grund av att den \u00e4r CE-m\u00e4rkt. Utan man m\u00e5ste med h\u00e4nsyn till informationen i CE-m\u00e4rkningen och prestandadeklarationen och f\u00f6rs\u00e4kra sig om produkten kan anv\u00e4ndas s\u00e5 att landets byggregler uppfylls.<\/p>\n<p>Kantreglarnas standard (SS-EN 12051) \u00e4r ej harmoniserad, s\u00e5 de kan inte CE m\u00e4rkas idag.<\/p>\n<p>&nbsp;<\/p>\n<h3>Brandklassade d\u00f6rrar<\/h3>\n<p>Om ett d\u00f6rrparti ska kunna marknadsf\u00f6ras som brandklassat m\u00e5ste b\u00e5de d\u00f6rrblad, karm och alla ing\u00e5ende d\u00f6rrbeslag etc. provas i ett brandtest och godk\u00e4nnas mot relevant standard.<\/p>\n<p>Det g\u00e5r allts\u00e5 inte att f\u00e5 ett enskilt d\u00f6rrbeslag &#8221;brandgodk\u00e4nt&#8221;.<\/p>\n<p>Fr\u00e5n och med den 1 november 2019 \u00e4r det krav p\u00e5 CE-m\u00e4rkning av brandklassade ytterd\u00f6rrar och f\u00f6nster enligt SS-EN 14351-1. (I kombination med SS-EN 16034.)<br \/>\nArbetet att m\u00f6jligg\u00f6ra CE m\u00e4rkning av brandklassade innerd\u00f6rrar enligt SS-EN 14351-2 (i kombination med SS-EN 16034) \u00e4r ej klart.<\/p>\n<p>&nbsp;<\/p>\n<h2>Anv\u00e4ndbara l\u00e4nkar<\/h2>\n<h3><em>Svenska byggproduktkataloger:<\/em><\/h3>\n<h5><a href=\"https:\/\/byggkatalogen.byggtjanst.se\/foretag\/rz-olda-innovation-ab\/7638\" target=\"_blank\" rel=\"noopener noreferrer\">Byggkatalogen (fr\u00e5n Svensk Byggtj\u00e4nst)<\/a><em> &#8221;\u00e4r Sveriges mest anv\u00e4nda informationstj\u00e4nst f\u00f6r produkter inom bygg- och fastighetssektorn. I Byggkatalogen finns bearbetad, aktuell och strukturerad information med milj\u00f6information, broschyrer, tekniska egenskaper m m. H\u00e4r kan du s\u00f6ka och j\u00e4mf\u00f6ra byggprodukter fr\u00e5n Sveriges samtliga leverant\u00f6rer.&#8221;<\/em><\/h5>\n<h5><a href=\"https:\/\/www.byggfaktadocu.se\/rz-olda-innovation\/foretag.html\" target=\"_blank\" rel=\"noopener noreferrer\">Byggfakta DOCU<\/a><em> &#8221;hj\u00e4lper dig hitta nya produkter och l\u00f6sningar.<\/em><br \/>\n<em>Sveriges st\u00f6rsta informationstj\u00e4nst f\u00f6r proffsmarknaden med \u00f6ver en miljon anv\u00e4ndare under ett \u00e5r.<\/em><br \/>\n<em>Vi h\u00e5ller dig informerad om de senaste produkterna och materialen fr\u00e5n tillverkare och leverant\u00f6rer som riktar sig till den professionella byggmarknaden.&#8221;<br \/>\n<\/em><\/h5>\n<h5><a href=\"https:\/\/www.byggvarubedomningen.se\/\" target=\"_blank\" rel=\"noopener noreferrer\">ByggVaruBed\u00f6mningen<\/a> <em>&#8221;\u00e4r ett system som bed\u00f6mer och tillhandah\u00e5ller information om milj\u00f6bed\u00f6mda varor<br \/>\noch p\u00e5verkar produktutvecklingen mot en giftfri och god bebyggd milj\u00f6.&#8221;<\/em><br \/>\n<a href=\"https:\/\/dev.olda.com\/en\/om-olda\/\">OLDAs produkter ing\u00e5r i BVB.<\/a><\/h5>\n<p>&nbsp;<\/p>\n<h3><em>Svenska myndigheter:<\/em><\/h3>\n<h5>Boverket : <a href=\"https:\/\/www.boverket.se\" target=\"_blank\" rel=\"noopener noreferrer\">www.boverket.se<\/a><br \/>\n<em>Svensk kontaktpunkt tex. f\u00f6r anv\u00e4ndning och CE-m\u00e4rkning av byggprodukter.<\/em><\/h5>\n<p>&nbsp;<\/p>\n<h3><em>Svenska certifieringsorgan:<\/em><\/h3>\n<h5>RISE: <a href=\"http:\/\/www.ri.se\" target=\"_blank\" rel=\"noopener noreferrer\">www.ri.se<\/a>\u00a0: (Research Institutes of SwEden)<\/h5>\n<h5>SBSC (Svensk Brand och S\u00e4kerhets Certifiering): <a href=\"http:\/\/www.sbsc.se\/\" target=\"_blank\" rel=\"noopener noreferrer\">www.sbsc.se<\/a><\/h5>\n<h5>DNV (Det Norske Veritas): www.detnorskeveritas.se<\/h5>\n<p>&nbsp;<\/p>","protected":false},"excerpt":{"rendered":"<p>S\u00e4kerhetsbranschen Vi anser att det \u00e4r viktigt att samverka och h\u00e5lla sig uppdaterad om vad som h\u00e4nder i branschen och aktuella diskussioner i samh\u00e4llet, som r\u00f6r s\u00e4kerhet, brandskydd, byggregler och tillg\u00e4nglighet etc. \u00c4ven att f\u00f6lja och st\u00f6dja utvecklingen av nya standarder inom dessa omr\u00e5den \u00e4r viktigt f\u00f6r framtiden. D\u00e4rf\u00f6r \u00e4r RZ OLDA medlem i branschorganisationen [&hellip;]<\/p>\n","protected":false},"author":2,"featured_media":0,"parent":0,"menu_order":0,"comment_status":"closed","ping_status":"closed","template":"page-boxed.php","meta":{"_acf_changed":false,"footnotes":""},"class_list":["post-2679","page","type-page","status-publish","hentry"],"acf":[],"_links":{"self":[{"href":"https:\/\/dev.olda.com\/en\/wp-json\/wp\/v2\/pages\/2679","targetHints":{"allow":["GET"]}}],"collection":[{"href":"https:\/\/dev.olda.com\/en\/wp-json\/wp\/v2\/pages"}],"about":[{"href":"https:\/\/dev.olda.com\/en\/wp-json\/wp\/v2\/types\/page"}],"author":[{"embeddable":true,"href":"https:\/\/dev.olda.com\/en\/wp-json\/wp\/v2\/users\/2"}],"replies":[{"embeddable":true,"href":"https:\/\/dev.olda.com\/en\/wp-json\/wp\/v2\/comments?post=2679"}],"version-history":[{"count":2,"href":"https:\/\/dev.olda.com\/en\/wp-json\/wp\/v2\/pages\/2679\/revisions"}],"predecessor-version":[{"id":8615,"href":"https:\/\/dev.olda.com\/en\/wp-json\/wp\/v2\/pages\/2679\/revisions\/8615"}],"wp:attachment":[{"href":"https:\/\/dev.olda.com\/en\/wp-json\/wp\/v2\/media?parent=2679"}],"curies":[{"name":"wp","href":"https:\/\/api.w.org\/{rel}","templated":true}]}}