{"id":7,"date":"2016-02-22T10:18:29","date_gmt":"2016-02-22T09:18:29","guid":{"rendered":"http:\/\/www.olda.com\/wordpress\/shop\/"},"modified":"2026-04-17T21:23:34","modified_gmt":"2026-04-17T19:23:34","slug":"produkter","status":"publish","type":"page","link":"https:\/\/dev.olda.com\/en\/produkter\/","title":{"rendered":"Produkter"},"content":{"rendered":"<div data-elementor-type=\"wp-page\" data-elementor-id=\"7\" class=\"elementor elementor-7\" data-elementor-post-type=\"page\">\n\t\t\t\t<div class=\"elementor-element elementor-element-66ec482 e-grid e-con-boxed e-con e-parent\" data-id=\"66ec482\" data-element_type=\"container\" data-e-type=\"container\">\n\t\t\t\t\t<div class=\"e-con-inner\">\n\t\t<div class=\"elementor-element elementor-element-eba3d4e e-con-full e-flex e-con e-child\" data-id=\"eba3d4e\" data-element_type=\"container\" data-e-type=\"container\" data-settings=\"{&quot;background_background&quot;:&quot;classic&quot;}\">\n\t\t<div class=\"elementor-element elementor-element-ac1b7aa e-con-full e-flex e-con e-child\" data-id=\"ac1b7aa\" data-element_type=\"container\" data-e-type=\"container\">\n\t\t\t\t<div class=\"elementor-element elementor-element-e70dafb image-overflow elementor-widget elementor-widget-image\" data-id=\"e70dafb\" data-element_type=\"widget\" data-e-type=\"widget\" data-widget_type=\"image.default\">\n\t\t\t\t\t\t\t\t\t\t\t\t\t\t\t\t<a href=\"https:\/\/dev.olda.com\/en\/produktgrupp\/kantreglar\/\">\n\t\t\t\t\t\t\t<img fetchpriority=\"high\" decoding=\"async\" width=\"800\" height=\"800\" src=\"https:\/\/dev.olda.com\/wp-content\/uploads\/2026\/04\/kantreglar.jpg\" class=\"elementor-animation-grow attachment-large size-large wp-image-9200\" alt=\"\" srcset=\"https:\/\/dev.olda.com\/wp-content\/uploads\/2026\/04\/kantreglar.jpg 800w, https:\/\/dev.olda.com\/wp-content\/uploads\/2026\/04\/kantreglar-300x300.jpg 300w, https:\/\/dev.olda.com\/wp-content\/uploads\/2026\/04\/kantreglar-150x150.jpg 150w, https:\/\/dev.olda.com\/wp-content\/uploads\/2026\/04\/kantreglar-768x768.jpg 768w\" sizes=\"(max-width: 800px) 100vw, 800px\" \/>\t\t\t\t\t\t\t\t<\/a>\n\t\t\t\t\t\t\t\t\t\t\t\t\t\t\t<\/div>\n\t\t\t\t<div class=\"elementor-element elementor-element-77ff290 elementor-widget elementor-widget-heading\" data-id=\"77ff290\" data-element_type=\"widget\" data-e-type=\"widget\" data-widget_type=\"heading.default\">\n\t\t\t\t\t<h2 class=\"elementor-heading-title elementor-size-default\">Flush bolts<\/h2>\t\t\t\t<\/div>\n\t\t\t\t<div class=\"elementor-element elementor-element-98d5122 elementor-widget elementor-widget-text-editor\" data-id=\"98d5122\" data-element_type=\"widget\" data-e-type=\"widget\" data-widget_type=\"text-editor.default\">\n\t\t\t\t\t\t\t\t\t<p>Robusta kantreglar f\u00f6r s\u00e4ker och exakt d\u00f6rrst\u00e4ngning i olika milj\u00f6er.<\/p>\t\t\t\t\t\t\t\t<\/div>\n\t\t\t\t<\/div>\n\t\t\t\t<div class=\"elementor-element elementor-element-c72937b elementor-align-justify elementor-widget elementor-widget-button\" data-id=\"c72937b\" data-element_type=\"widget\" data-e-type=\"widget\" data-widget_type=\"button.default\">\n\t\t\t\t\t\t\t\t\t\t<a class=\"elementor-button elementor-button-link elementor-size-sm\" href=\"https:\/\/dev.olda.com\/en\/produktgrupp\/kantreglar\/\">\n\t\t\t\t\t\t<span class=\"elementor-button-content-wrapper\">\n\t\t\t\t\t\t\t\t\t<span class=\"elementor-button-text\">Visa varianter<\/span>\n\t\t\t\t\t<\/span>\n\t\t\t\t\t<\/a>\n\t\t\t\t\t\t\t\t<\/div>\n\t\t\t\t<\/div>\n\t\t<div class=\"elementor-element elementor-element-3ac0729 e-con-full e-flex e-con e-child\" data-id=\"3ac0729\" data-element_type=\"container\" data-e-type=\"container\" data-settings=\"{&quot;background_background&quot;:&quot;classic&quot;}\">\n\t\t<div class=\"elementor-element elementor-element-37b8ebc e-con-full e-flex e-con e-child\" data-id=\"37b8ebc\" data-element_type=\"container\" data-e-type=\"container\">\n\t\t\t\t<div class=\"elementor-element elementor-element-5482695 image-overflow elementor-widget elementor-widget-image\" data-id=\"5482695\" data-element_type=\"widget\" data-e-type=\"widget\" data-widget_type=\"image.default\">\n\t\t\t\t\t\t\t\t\t\t\t\t\t\t\t\t<a href=\"https:\/\/dev.olda.com\/en\/produktgrupp\/skyddade-golvbleck\/\">\n\t\t\t\t\t\t\t<img decoding=\"async\" width=\"800\" height=\"800\" src=\"https:\/\/dev.olda.com\/wp-content\/uploads\/2026\/04\/skyddande-golvbleck.jpg\" class=\"elementor-animation-grow attachment-large size-large wp-image-9207\" alt=\"\" srcset=\"https:\/\/dev.olda.com\/wp-content\/uploads\/2026\/04\/skyddande-golvbleck.jpg 800w, https:\/\/dev.olda.com\/wp-content\/uploads\/2026\/04\/skyddande-golvbleck-300x300.jpg 300w, https:\/\/dev.olda.com\/wp-content\/uploads\/2026\/04\/skyddande-golvbleck-150x150.jpg 150w, https:\/\/dev.olda.com\/wp-content\/uploads\/2026\/04\/skyddande-golvbleck-768x768.jpg 768w\" sizes=\"(max-width: 800px) 100vw, 800px\" \/>\t\t\t\t\t\t\t\t<\/a>\n\t\t\t\t\t\t\t\t\t\t\t\t\t\t\t<\/div>\n\t\t\t\t<div class=\"elementor-element elementor-element-f460a5c elementor-widget elementor-widget-heading\" data-id=\"f460a5c\" data-element_type=\"widget\" data-e-type=\"widget\" data-widget_type=\"heading.default\">\n\t\t\t\t\t<h2 class=\"elementor-heading-title elementor-size-default\">Skyddade golvbleck<\/h2>\t\t\t\t<\/div>\n\t\t\t\t<div class=\"elementor-element elementor-element-d2277b8 elementor-widget elementor-widget-text-editor\" data-id=\"d2277b8\" data-element_type=\"widget\" data-e-type=\"widget\" data-widget_type=\"text-editor.default\">\n\t\t\t\t\t\t\t\t\t<p>Slitstarka golvbleck som skyddar och s\u00e4kerst\u00e4ller stabil inf\u00e4stning \u00f6ver tid.<\/p>\t\t\t\t\t\t\t\t<\/div>\n\t\t\t\t<\/div>\n\t\t\t\t<div class=\"elementor-element elementor-element-394ed1b elementor-align-justify elementor-widget elementor-widget-button\" data-id=\"394ed1b\" data-element_type=\"widget\" data-e-type=\"widget\" data-widget_type=\"button.default\">\n\t\t\t\t\t\t\t\t\t\t<a class=\"elementor-button elementor-button-link elementor-size-sm\" href=\"https:\/\/dev.olda.com\/en\/produktgrupp\/skyddade-golvbleck\/\">\n\t\t\t\t\t\t<span class=\"elementor-button-content-wrapper\">\n\t\t\t\t\t\t\t\t\t<span class=\"elementor-button-text\">Visa varianter<\/span>\n\t\t\t\t\t<\/span>\n\t\t\t\t\t<\/a>\n\t\t\t\t\t\t\t\t<\/div>\n\t\t\t\t<\/div>\n\t\t<div class=\"elementor-element elementor-element-0567286 e-con-full e-flex e-con e-child\" data-id=\"0567286\" data-element_type=\"container\" data-e-type=\"container\" data-settings=\"{&quot;background_background&quot;:&quot;classic&quot;}\">\n\t\t<div class=\"elementor-element elementor-element-8aab9f2 e-con-full e-flex e-con e-child\" data-id=\"8aab9f2\" data-element_type=\"container\" data-e-type=\"container\">\n\t\t\t\t<div class=\"elementor-element elementor-element-bd67439 image-overflow elementor-widget elementor-widget-image\" data-id=\"bd67439\" data-element_type=\"widget\" data-e-type=\"widget\" data-widget_type=\"image.default\">\n\t\t\t\t\t\t\t\t\t\t\t\t\t\t\t\t<a href=\"https:\/\/dev.olda.com\/en\/produktgrupp\/karmoverforing\/\">\n\t\t\t\t\t\t\t<img decoding=\"async\" width=\"800\" height=\"800\" src=\"https:\/\/dev.olda.com\/wp-content\/uploads\/2026\/04\/kabelror.jpg\" class=\"elementor-animation-grow attachment-large size-large wp-image-9203\" alt=\"\" srcset=\"https:\/\/dev.olda.com\/wp-content\/uploads\/2026\/04\/kabelror.jpg 800w, https:\/\/dev.olda.com\/wp-content\/uploads\/2026\/04\/kabelror-300x300.jpg 300w, https:\/\/dev.olda.com\/wp-content\/uploads\/2026\/04\/kabelror-150x150.jpg 150w, https:\/\/dev.olda.com\/wp-content\/uploads\/2026\/04\/kabelror-768x768.jpg 768w\" sizes=\"(max-width: 800px) 100vw, 800px\" \/>\t\t\t\t\t\t\t\t<\/a>\n\t\t\t\t\t\t\t\t\t\t\t\t\t\t\t<\/div>\n\t\t\t\t<div class=\"elementor-element elementor-element-fbe487e elementor-widget elementor-widget-heading\" data-id=\"fbe487e\" data-element_type=\"widget\" data-e-type=\"widget\" data-widget_type=\"heading.default\">\n\t\t\t\t\t<h2 class=\"elementor-heading-title elementor-size-default\">Karm\u00f6verf\u00f6ring<\/h2>\t\t\t\t<\/div>\n\t\t\t\t<div class=\"elementor-element elementor-element-bfb6857 elementor-widget elementor-widget-text-editor\" data-id=\"bfb6857\" data-element_type=\"widget\" data-e-type=\"widget\" data-widget_type=\"text-editor.default\">\n\t\t\t\t\t\t\t\t\t<p>S\u00e4ker kabel\u00f6verf\u00f6ring mellan karm och d\u00f6rr f\u00f6r elstyrda funktioner.<\/p>\t\t\t\t\t\t\t\t<\/div>\n\t\t\t\t<\/div>\n\t\t\t\t<div class=\"elementor-element elementor-element-6b3c21b elementor-align-justify elementor-widget elementor-widget-button\" data-id=\"6b3c21b\" data-element_type=\"widget\" data-e-type=\"widget\" data-widget_type=\"button.default\">\n\t\t\t\t\t\t\t\t\t\t<a class=\"elementor-button elementor-button-link elementor-size-sm\" href=\"https:\/\/dev.olda.com\/en\/produktgrupp\/karmoverforing\/\">\n\t\t\t\t\t\t<span class=\"elementor-button-content-wrapper\">\n\t\t\t\t\t\t\t\t\t<span class=\"elementor-button-text\">Visa varianter<\/span>\n\t\t\t\t\t<\/span>\n\t\t\t\t\t<\/a>\n\t\t\t\t\t\t\t\t<\/div>\n\t\t\t\t<\/div>\n\t\t<div class=\"elementor-element elementor-element-b68c214 e-con-full e-flex e-con e-child\" data-id=\"b68c214\" data-element_type=\"container\" data-e-type=\"container\" data-settings=\"{&quot;background_background&quot;:&quot;classic&quot;}\">\n\t\t<div class=\"elementor-element elementor-element-468cfcb e-con-full e-flex e-con e-child\" data-id=\"468cfcb\" data-element_type=\"container\" data-e-type=\"container\">\n\t\t\t\t<div class=\"elementor-element elementor-element-524e93e image-overflow elementor-widget elementor-widget-image\" data-id=\"524e93e\" data-element_type=\"widget\" data-e-type=\"widget\" data-widget_type=\"image.default\">\n\t\t\t\t\t\t\t\t\t\t\t\t\t\t\t\t<a href=\"https:\/\/dev.olda.com\/en\/produktgrupp\/koordinatorer\/\">\n\t\t\t\t\t\t\t<img loading=\"lazy\" decoding=\"async\" width=\"800\" height=\"800\" src=\"https:\/\/dev.olda.com\/wp-content\/uploads\/2026\/04\/koordinatorer.jpg\" class=\"elementor-animation-grow attachment-large size-large wp-image-9206\" alt=\"\" srcset=\"https:\/\/dev.olda.com\/wp-content\/uploads\/2026\/04\/koordinatorer.jpg 800w, https:\/\/dev.olda.com\/wp-content\/uploads\/2026\/04\/koordinatorer-300x300.jpg 300w, https:\/\/dev.olda.com\/wp-content\/uploads\/2026\/04\/koordinatorer-150x150.jpg 150w, https:\/\/dev.olda.com\/wp-content\/uploads\/2026\/04\/koordinatorer-768x768.jpg 768w\" sizes=\"(max-width: 800px) 100vw, 800px\" \/>\t\t\t\t\t\t\t\t<\/a>\n\t\t\t\t\t\t\t\t\t\t\t\t\t\t\t<\/div>\n\t\t\t\t<div class=\"elementor-element elementor-element-732c876 elementor-widget elementor-widget-heading\" data-id=\"732c876\" data-element_type=\"widget\" data-e-type=\"widget\" data-widget_type=\"heading.default\">\n\t\t\t\t\t<h2 class=\"elementor-heading-title elementor-size-default\">Koordinatorer<\/h2>\t\t\t\t<\/div>\n\t\t\t\t<div class=\"elementor-element elementor-element-b796d91 elementor-widget elementor-widget-text-editor\" data-id=\"b796d91\" data-element_type=\"widget\" data-e-type=\"widget\" data-widget_type=\"text-editor.default\">\n\t\t\t\t\t\t\t\t\t<p>Samordnar d\u00f6rrbladens r\u00f6relse f\u00f6r korrekt st\u00e4ngningssekvens.<\/p>\t\t\t\t\t\t\t\t<\/div>\n\t\t\t\t<\/div>\n\t\t\t\t<div class=\"elementor-element elementor-element-52d49ca elementor-align-justify elementor-widget elementor-widget-button\" data-id=\"52d49ca\" data-element_type=\"widget\" data-e-type=\"widget\" data-widget_type=\"button.default\">\n\t\t\t\t\t\t\t\t\t\t<a class=\"elementor-button elementor-button-link elementor-size-sm\" href=\"https:\/\/dev.olda.com\/en\/produktgrupp\/koordinatorer\/\">\n\t\t\t\t\t\t<span class=\"elementor-button-content-wrapper\">\n\t\t\t\t\t\t\t\t\t<span class=\"elementor-button-text\">Visa varianter<\/span>\n\t\t\t\t\t<\/span>\n\t\t\t\t\t<\/a>\n\t\t\t\t\t\t\t\t<\/div>\n\t\t\t\t<\/div>\n\t\t<div class=\"elementor-element elementor-element-b68d59c e-con-full e-flex e-con e-child\" data-id=\"b68d59c\" data-element_type=\"container\" data-e-type=\"container\" data-settings=\"{&quot;background_background&quot;:&quot;classic&quot;}\">\n\t\t<div class=\"elementor-element elementor-element-ab9453f e-con-full e-flex e-con e-child\" data-id=\"ab9453f\" data-element_type=\"container\" data-e-type=\"container\">\n\t\t\t\t<div class=\"elementor-element elementor-element-81abdbd image-overflow elementor-widget elementor-widget-image\" data-id=\"81abdbd\" data-element_type=\"widget\" data-e-type=\"widget\" data-widget_type=\"image.default\">\n\t\t\t\t\t\t\t\t\t\t\t\t\t\t\t\t<a href=\"https:\/\/dev.olda.com\/en\/produktgrupp\/behor\/\">\n\t\t\t\t\t\t\t<img loading=\"lazy\" decoding=\"async\" width=\"800\" height=\"800\" src=\"https:\/\/dev.olda.com\/wp-content\/uploads\/2026\/04\/behor.jpg\" class=\"elementor-animation-grow attachment-large size-large wp-image-9201\" alt=\"\" srcset=\"https:\/\/dev.olda.com\/wp-content\/uploads\/2026\/04\/behor.jpg 800w, https:\/\/dev.olda.com\/wp-content\/uploads\/2026\/04\/behor-300x300.jpg 300w, https:\/\/dev.olda.com\/wp-content\/uploads\/2026\/04\/behor-150x150.jpg 150w, https:\/\/dev.olda.com\/wp-content\/uploads\/2026\/04\/behor-768x768.jpg 768w\" sizes=\"(max-width: 800px) 100vw, 800px\" \/>\t\t\t\t\t\t\t\t<\/a>\n\t\t\t\t\t\t\t\t\t\t\t\t\t\t\t<\/div>\n\t\t\t\t<div class=\"elementor-element elementor-element-2ed8cbf elementor-widget elementor-widget-heading\" data-id=\"2ed8cbf\" data-element_type=\"widget\" data-e-type=\"widget\" data-widget_type=\"heading.default\">\n\t\t\t\t\t<h2 class=\"elementor-heading-title elementor-size-default\">Kantregelbeh\u00f6r<\/h2>\t\t\t\t<\/div>\n\t\t\t\t<div class=\"elementor-element elementor-element-0f142d7 elementor-widget elementor-widget-text-editor\" data-id=\"0f142d7\" data-element_type=\"widget\" data-e-type=\"widget\" data-widget_type=\"text-editor.default\">\n\t\t\t\t\t\t\t\t\t<p>Tillbeh\u00f6r som kompletterar och optimerar funktion och montage av kantreglar.<\/p>\t\t\t\t\t\t\t\t<\/div>\n\t\t\t\t<\/div>\n\t\t\t\t<div class=\"elementor-element elementor-element-46e0452 elementor-align-justify elementor-widget elementor-widget-button\" data-id=\"46e0452\" data-element_type=\"widget\" data-e-type=\"widget\" data-widget_type=\"button.default\">\n\t\t\t\t\t\t\t\t\t\t<a class=\"elementor-button elementor-button-link elementor-size-sm\" href=\"https:\/\/dev.olda.com\/en\/produktgrupp\/behor\/\">\n\t\t\t\t\t\t<span class=\"elementor-button-content-wrapper\">\n\t\t\t\t\t\t\t\t\t<span class=\"elementor-button-text\">Visa varianter<\/span>\n\t\t\t\t\t<\/span>\n\t\t\t\t\t<\/a>\n\t\t\t\t\t\t\t\t<\/div>\n\t\t\t\t<\/div>\n\t\t<div class=\"elementor-element elementor-element-ffa3619 e-con-full e-flex e-con e-child\" data-id=\"ffa3619\" data-element_type=\"container\" data-e-type=\"container\" data-settings=\"{&quot;background_background&quot;:&quot;classic&quot;}\">\n\t\t<div class=\"elementor-element elementor-element-66bb5e8 e-con-full e-flex e-con e-child\" data-id=\"66bb5e8\" data-element_type=\"container\" data-e-type=\"container\">\n\t\t\t\t<div class=\"elementor-element elementor-element-1b40e42 image-overflow elementor-widget elementor-widget-image\" data-id=\"1b40e42\" data-element_type=\"widget\" data-e-type=\"widget\" data-widget_type=\"image.default\">\n\t\t\t\t\t\t\t\t\t\t\t\t\t\t\t\t<a href=\"https:\/\/dev.olda.com\/en\/produktgrupp\/dorrstopp\/\">\n\t\t\t\t\t\t\t<img loading=\"lazy\" decoding=\"async\" width=\"800\" height=\"800\" src=\"https:\/\/dev.olda.com\/wp-content\/uploads\/2026\/04\/dorrstopp.jpg\" class=\"elementor-animation-grow attachment-large size-large wp-image-9202\" alt=\"\" srcset=\"https:\/\/dev.olda.com\/wp-content\/uploads\/2026\/04\/dorrstopp.jpg 800w, https:\/\/dev.olda.com\/wp-content\/uploads\/2026\/04\/dorrstopp-300x300.jpg 300w, https:\/\/dev.olda.com\/wp-content\/uploads\/2026\/04\/dorrstopp-150x150.jpg 150w, https:\/\/dev.olda.com\/wp-content\/uploads\/2026\/04\/dorrstopp-768x768.jpg 768w\" sizes=\"(max-width: 800px) 100vw, 800px\" \/>\t\t\t\t\t\t\t\t<\/a>\n\t\t\t\t\t\t\t\t\t\t\t\t\t\t\t<\/div>\n\t\t\t\t<div class=\"elementor-element elementor-element-983ce5f elementor-widget elementor-widget-heading\" data-id=\"983ce5f\" data-element_type=\"widget\" data-e-type=\"widget\" data-widget_type=\"heading.default\">\n\t\t\t\t\t<h2 class=\"elementor-heading-title elementor-size-default\">D\u00f6rrstopp<\/h2>\t\t\t\t<\/div>\n\t\t\t\t<div class=\"elementor-element elementor-element-b4c24df elementor-widget elementor-widget-text-editor\" data-id=\"b4c24df\" data-element_type=\"widget\" data-e-type=\"widget\" data-widget_type=\"text-editor.default\">\n\t\t\t\t\t\t\t\t\t<p>Effektiva d\u00f6rrstopp som skyddar v\u00e4ggar och d\u00f6rrar fr\u00e5n slitage och skador.<\/p>\t\t\t\t\t\t\t\t<\/div>\n\t\t\t\t<\/div>\n\t\t\t\t<div class=\"elementor-element elementor-element-0c1a7fd elementor-align-justify elementor-widget elementor-widget-button\" data-id=\"0c1a7fd\" data-element_type=\"widget\" data-e-type=\"widget\" data-widget_type=\"button.default\">\n\t\t\t\t\t\t\t\t\t\t<a class=\"elementor-button elementor-button-link elementor-size-sm\" href=\"https:\/\/dev.olda.com\/en\/produktgrupp\/dorrstopp\/\">\n\t\t\t\t\t\t<span class=\"elementor-button-content-wrapper\">\n\t\t\t\t\t\t\t\t\t<span class=\"elementor-button-text\">Visa varianter<\/span>\n\t\t\t\t\t<\/span>\n\t\t\t\t\t<\/a>\n\t\t\t\t\t\t\t\t<\/div>\n\t\t\t\t<\/div>\n\t\t<div class=\"elementor-element elementor-element-d952f6d e-con-full e-flex e-con e-child\" data-id=\"d952f6d\" data-element_type=\"container\" data-e-type=\"container\" data-settings=\"{&quot;background_background&quot;:&quot;classic&quot;}\">\n\t\t<div class=\"elementor-element elementor-element-46ae019 e-con-full e-flex e-con e-child\" data-id=\"46ae019\" data-element_type=\"container\" data-e-type=\"container\">\n\t\t\t\t<div class=\"elementor-element elementor-element-4a20d3b elementor-widget elementor-widget-video\" data-id=\"4a20d3b\" data-element_type=\"widget\" data-e-type=\"widget\" data-settings=\"{&quot;video_type&quot;:&quot;vimeo&quot;,&quot;show_image_overlay&quot;:&quot;yes&quot;,&quot;image_overlay&quot;:{&quot;url&quot;:&quot;https:\\\/\\\/dev.olda.com\\\/wp-content\\\/uploads\\\/2026\\\/04\\\/beslagskolan-cover.jpg&quot;,&quot;id&quot;:9357,&quot;size&quot;:&quot;&quot;,&quot;alt&quot;:&quot;&quot;,&quot;source&quot;:&quot;library&quot;},&quot;lightbox&quot;:&quot;yes&quot;}\" data-widget_type=\"video.default\">\n\t\t\t\t\t\t\t<div class=\"elementor-wrapper elementor-open-lightbox\">\n\t\t\t\t\t\t\t<div class=\"elementor-custom-embed-image-overlay\" data-elementor-open-lightbox=\"yes\" data-elementor-lightbox=\"{&quot;type&quot;:&quot;video&quot;,&quot;videoType&quot;:&quot;vimeo&quot;,&quot;url&quot;:&quot;https:\\\/\\\/player.vimeo.com\\\/video\\\/844407103?color&amp;autopause=0&amp;loop=0&amp;muted=0&amp;title=1&amp;portrait=1&amp;byline=1#t=&quot;,&quot;autoplay&quot;:&quot;&quot;,&quot;modalOptions&quot;:{&quot;id&quot;:&quot;elementor-lightbox-4a20d3b&quot;,&quot;entranceAnimation&quot;:&quot;&quot;,&quot;entranceAnimation_tablet&quot;:&quot;&quot;,&quot;entranceAnimation_mobile&quot;:&quot;&quot;,&quot;videoAspectRatio&quot;:&quot;219&quot;}}\" data-e-action-hash=\"#elementor-action%3Aaction%3Dlightbox%26settings%3DeyJ0eXBlIjoidmlkZW8iLCJ2aWRlb1R5cGUiOiJ2aW1lbyIsInVybCI6Imh0dHBzOlwvXC9wbGF5ZXIudmltZW8uY29tXC92aWRlb1wvODQ0NDA3MTAzP2NvbG9yJmF1dG9wYXVzZT0wJmxvb3A9MCZtdXRlZD0wJnRpdGxlPTEmcG9ydHJhaXQ9MSZieWxpbmU9MSN0PSIsImF1dG9wbGF5IjoiIiwibW9kYWxPcHRpb25zIjp7ImlkIjoiZWxlbWVudG9yLWxpZ2h0Ym94LTRhMjBkM2IiLCJlbnRyYW5jZUFuaW1hdGlvbiI6IiIsImVudHJhbmNlQW5pbWF0aW9uX3RhYmxldCI6IiIsImVudHJhbmNlQW5pbWF0aW9uX21vYmlsZSI6IiIsInZpZGVvQXNwZWN0UmF0aW8iOiIyMTkifX0%3D\">\n\t\t\t\t\t\t\t\t\t\t\t<img loading=\"lazy\" decoding=\"async\" width=\"1032\" height=\"539\" src=\"https:\/\/dev.olda.com\/wp-content\/uploads\/2026\/04\/beslagskolan-cover.jpg\" class=\"attachment-full size-full wp-image-9357\" alt=\"\" srcset=\"https:\/\/dev.olda.com\/wp-content\/uploads\/2026\/04\/beslagskolan-cover.jpg 1032w, https:\/\/dev.olda.com\/wp-content\/uploads\/2026\/04\/beslagskolan-cover-300x157.jpg 300w, https:\/\/dev.olda.com\/wp-content\/uploads\/2026\/04\/beslagskolan-cover-1024x535.jpg 1024w, https:\/\/dev.olda.com\/wp-content\/uploads\/2026\/04\/beslagskolan-cover-150x78.jpg 150w, https:\/\/dev.olda.com\/wp-content\/uploads\/2026\/04\/beslagskolan-cover-768x401.jpg 768w\" sizes=\"(max-width: 1032px) 100vw, 1032px\" \/>\t\t\t\t\t\t\t\t\t\t\t\t\t\t\t\t<div class=\"elementor-custom-embed-play\" role=\"button\" aria-label=\"Spela videoklipp\" tabindex=\"0\">\n\t\t\t\t\t\t\t<svg aria-hidden=\"true\" class=\"e-font-icon-svg e-eicon-play\" viewbox=\"0 0 1000 1000\" xmlns=\"http:\/\/www.w3.org\/2000\/svg\"><path d=\"M838 162C746 71 633 25 500 25 371 25 258 71 163 162 71 254 25 367 25 500 25 633 71 746 163 837 254 929 367 979 500 979 633 979 746 933 838 837 929 746 975 633 975 500 975 367 929 254 838 162M808 192C892 279 933 379 933 500 933 621 892 725 808 808 725 892 621 938 500 938 379 938 279 896 196 808 113 725 67 621 67 500 67 379 108 279 196 192 279 108 383 62 500 62 621 62 721 108 808 192M438 392V642L642 517 438 392Z\"><\/path><\/svg>\t\t\t\t\t\t<\/div>\n\t\t\t\t\t\t\t\t\t<\/div>\n\t\t\t\t\t<\/div>\n\t\t\t\t\t\t<\/div>\n\t\t\t\t<div class=\"elementor-element elementor-element-0ff18dc elementor-widget elementor-widget-heading\" data-id=\"0ff18dc\" data-element_type=\"widget\" data-e-type=\"widget\" data-widget_type=\"heading.default\">\n\t\t\t\t\t<h2 class=\"elementor-heading-title elementor-size-default\">Beslagskolan<\/h2>\t\t\t\t<\/div>\n\t\t\t\t<div class=\"elementor-element elementor-element-0c6bfc7 elementor-widget elementor-widget-text-editor\" data-id=\"0c6bfc7\" data-element_type=\"widget\" data-e-type=\"widget\" data-widget_type=\"text-editor.default\">\n\t\t\t\t\t\t\t\t\t<p>Kantreglar anv\u00e4nds p\u00e5 dubbla slagd\u00f6rrar, s\u00e5 kallade \u201cpard\u00f6rrar\u201d f\u00f6r regling av passivt d\u00f6rrblad. (Det passiva d\u00f6rrbladet \u00e4r det som normalt ej anv\u00e4nds vid passage.). I Beslagsskolan g\u00e5r vi igenom skillnaden mellan Manuell, Automatisk och Halv-automatisk kantregel samt hur du v\u00e4ljer r\u00e4tt typ.<\/p>\t\t\t\t\t\t\t\t<\/div>\n\t\t\t\t<\/div>\n\t\t\t\t<div class=\"elementor-element elementor-element-cce91e7 elementor-widget elementor-widget-button\" data-id=\"cce91e7\" data-element_type=\"widget\" data-e-type=\"widget\" data-widget_type=\"button.default\">\n\t\t\t\t\t\t\t\t\t\t<a class=\"elementor-button elementor-button-link elementor-size-sm\" href=\"https:\/\/dev.olda.com\/en\/beslagsskolan\/\">\n\t\t\t\t\t\t<span class=\"elementor-button-content-wrapper\">\n\t\t\t\t\t\t\t\t\t<span class=\"elementor-button-text\">Till beslagskolan<\/span>\n\t\t\t\t\t<\/span>\n\t\t\t\t\t<\/a>\n\t\t\t\t\t\t\t\t<\/div>\n\t\t\t\t<\/div>\n\t\t\t\t\t<\/div>\n\t\t\t\t<\/div>\n\t\t\t\t<\/div>","protected":false},"excerpt":{"rendered":"<p>Kantreglar Robusta kantreglar f\u00f6r s\u00e4ker och exakt d\u00f6rrst\u00e4ngning i olika milj\u00f6er. Visa varianter Skyddade golvbleck Slitstarka golvbleck som skyddar och s\u00e4kerst\u00e4ller stabil inf\u00e4stning \u00f6ver tid. Visa varianter Karm\u00f6verf\u00f6ring S\u00e4ker kabel\u00f6verf\u00f6ring mellan karm och d\u00f6rr f\u00f6r elstyrda funktioner. Visa varianter Koordinatorer Samordnar d\u00f6rrbladens r\u00f6relse f\u00f6r korrekt st\u00e4ngningssekvens. Visa varianter Kantregelbeh\u00f6r Tillbeh\u00f6r som kompletterar och optimerar funktion [&hellip;]<\/p>\n","protected":false},"author":2,"featured_media":9265,"parent":0,"menu_order":0,"comment_status":"closed","ping_status":"closed","template":"","meta":{"_acf_changed":false,"footnotes":""},"class_list":["post-7","page","type-page","status-publish","has-post-thumbnail","hentry"],"acf":[],"_links":{"self":[{"href":"https:\/\/dev.olda.com\/en\/wp-json\/wp\/v2\/pages\/7","targetHints":{"allow":["GET"]}}],"collection":[{"href":"https:\/\/dev.olda.com\/en\/wp-json\/wp\/v2\/pages"}],"about":[{"href":"https:\/\/dev.olda.com\/en\/wp-json\/wp\/v2\/types\/page"}],"author":[{"embeddable":true,"href":"https:\/\/dev.olda.com\/en\/wp-json\/wp\/v2\/users\/2"}],"replies":[{"embeddable":true,"href":"https:\/\/dev.olda.com\/en\/wp-json\/wp\/v2\/comments?post=7"}],"version-history":[{"count":109,"href":"https:\/\/dev.olda.com\/en\/wp-json\/wp\/v2\/pages\/7\/revisions"}],"predecessor-version":[{"id":9412,"href":"https:\/\/dev.olda.com\/en\/wp-json\/wp\/v2\/pages\/7\/revisions\/9412"}],"wp:featuredmedia":[{"embeddable":true,"href":"https:\/\/dev.olda.com\/en\/wp-json\/wp\/v2\/media\/9265"}],"wp:attachment":[{"href":"https:\/\/dev.olda.com\/en\/wp-json\/wp\/v2\/media?parent=7"}],"curies":[{"name":"wp","href":"https:\/\/api.w.org\/{rel}","templated":true}]}}