{"id":8598,"date":"2024-06-27T08:16:30","date_gmt":"2024-06-27T06:16:30","guid":{"rendered":"https:\/\/www.olda.com\/?page_id=8598"},"modified":"2024-06-27T12:55:58","modified_gmt":"2024-06-27T10:55:58","slug":"miljo","status":"publish","type":"page","link":"https:\/\/dev.olda.com\/en\/miljo\/","title":{"rendered":"Milj\u00f6"},"content":{"rendered":"<p><strong>OLDA kantreglar, d\u00f6rrstopp och koordinatorer ing\u00e5r i ByggVaruBed\u00f6mningen.<\/strong><br \/>\n<a href=\"https:\/\/byggvarubedomningen.se\/\" target=\"_blank\" rel=\"noopener noreferrer\">ByggVaruBed\u00f6mningen<\/a> \u00e4r ett system som bed\u00f6mer och tillhandah\u00e5ller information om milj\u00f6bed\u00f6mda varor och p\u00e5verkar produktutvecklingen mot en giftfri och god bebyggd milj\u00f6.<\/p>\n<p><em><span class=\"psi\">Sveriges st\u00f6rsta och viktigaste fastighets\u00e4gare och byggherrar har g\u00e5tt samman f\u00f6r att ta fram en standard f\u00f6r milj\u00f6bed\u00f6mning av varor. Med en gemensam standard f\u00f6r bed\u00f6mningar och ett l\u00e4ttanv\u00e4nt systemst\u00f6d f\u00f6r att s\u00f6ka milj\u00f6bed\u00f6mda varor \u00e4r ambitionen att morgondagens hus ska byggas och f\u00f6rvaltas med enbart milj\u00f6bed\u00f6mda produkter. ByggVaruBed\u00f6mningens milj\u00f6bed\u00f6mning g\u00f6rs utifr\u00e5n kriterier som utv\u00e4rderar dels ing\u00e5ende \u00e4mnens egenskaper dels livscykelp\u00e5verkan fr\u00e5n produkten. Varan kan f\u00e5 bed\u00f6mningen Rekommenderas, Accepteras eller Undviks.<\/span><\/em><\/p>\n<p>F\u00f6ljande OLDA <a href=\"https:\/\/dev.olda.com\/en\/produktkategori\/kantreglar\/\">kantreglar<\/a> och <a href=\"https:\/\/dev.olda.com\/en\/produktkategori\/kantreglar\/behor\/\">beh\u00f6r<\/a> ing\u00e5r i Byggvarubed\u00f6mningen, med <a href=\"https:\/\/dev.olda.com\/en\/docs\/olda-BVB-HZ\/\" target=\"_blank\" rel=\"noopener\">BVB ID 53553<\/a><\/p>\n<p>F\u00f6ljande OLDA <a href=\"https:\/\/dev.olda.com\/en\/produktkategori\/ovriga-beslag\/dorrstopp\/\">d\u00f6rrstopp<\/a> och <a href=\"https:\/\/dev.olda.com\/en\/produktkategori\/ovriga-beslag\/dorrkoordinatorer\/\">koordinatorer<\/a> ing\u00e5r i Byggvarubed\u00f6mningen, med <a href=\"https:\/\/dev.olda.com\/en\/docs\/olda-BVB-DS-DA-DK\/\" target=\"_blank\" rel=\"noopener\">BVB ID 86512<\/a><\/p>\n<p>&nbsp;<\/p>\n<p><strong>F\u00f6rpacknings\u00e5tervinning<\/strong><br \/>\nRZ Olda Innovation AB \u00e4r anslutet till NPA (f.d. FTI \/ REPA); N\u00e4ringslivets ProducentAnsvar \u2013 system f\u00f6r \u00e5tervinning och redovisning av f\u00f6rpackningar.<\/p>\n<p><img decoding=\"async\" class=\"alignnone size-thumbnail wp-image-7939\" src=\"https:\/\/dev.olda.com\/wp-content\/uploads\/2024\/04\/NPA-small-grey-150x80.png\" sizes=\"(max-width: 150px) 100vw, 150px\" srcset=\"https:\/\/dev.olda.com\/wp-content\/uploads\/2024\/04\/NPA-small-grey-150x80.png 150w, https:\/\/dev.olda.com\/wp-content\/uploads\/2024\/04\/NPA-small-grey.png 196w\" alt=\"\" width=\"150\" height=\"80\" \/>\u00a0\u00a0\u00a0\u00a0 <img decoding=\"async\" class=\"size-full wp-image-2052 alignnone\" src=\"https:\/\/dev.olda.com\/wp-content\/uploads\/2016\/02\/grona_punkten.jpg\" alt=\"\" width=\"50\" height=\"50\" \/><\/p>\n<p>&nbsp;<\/p>\n<p><a href=\"https:\/\/dev.olda.com\/en\/branschen-och-standarder\/\">Mer om d\u00f6rrbeslag, standarder och s\u00e4kerhetsbranschen.<\/a><\/p>\n<p><a href=\"https:\/\/dev.olda.com\/en\/om-olda\/\">RZ OLDA Innovation &#8211; <em>certifiering enligt ISO samt Policyer<\/em>.<\/a><\/p>","protected":false},"excerpt":{"rendered":"<p>OLDA kantreglar, d\u00f6rrstopp och koordinatorer ing\u00e5r i ByggVaruBed\u00f6mningen. ByggVaruBed\u00f6mningen \u00e4r ett system som bed\u00f6mer och tillhandah\u00e5ller information om milj\u00f6bed\u00f6mda varor och p\u00e5verkar produktutvecklingen mot en giftfri och god bebyggd milj\u00f6. Sveriges st\u00f6rsta och viktigaste fastighets\u00e4gare och byggherrar har g\u00e5tt samman f\u00f6r att ta fram en standard f\u00f6r milj\u00f6bed\u00f6mning av varor. Med en gemensam standard f\u00f6r [&hellip;]<\/p>\n","protected":false},"author":2,"featured_media":0,"parent":0,"menu_order":0,"comment_status":"closed","ping_status":"closed","template":"","meta":{"_acf_changed":false,"footnotes":""},"class_list":["post-8598","page","type-page","status-publish","hentry"],"acf":[],"_links":{"self":[{"href":"https:\/\/dev.olda.com\/en\/wp-json\/wp\/v2\/pages\/8598","targetHints":{"allow":["GET"]}}],"collection":[{"href":"https:\/\/dev.olda.com\/en\/wp-json\/wp\/v2\/pages"}],"about":[{"href":"https:\/\/dev.olda.com\/en\/wp-json\/wp\/v2\/types\/page"}],"author":[{"embeddable":true,"href":"https:\/\/dev.olda.com\/en\/wp-json\/wp\/v2\/users\/2"}],"replies":[{"embeddable":true,"href":"https:\/\/dev.olda.com\/en\/wp-json\/wp\/v2\/comments?post=8598"}],"version-history":[{"count":5,"href":"https:\/\/dev.olda.com\/en\/wp-json\/wp\/v2\/pages\/8598\/revisions"}],"predecessor-version":[{"id":8613,"href":"https:\/\/dev.olda.com\/en\/wp-json\/wp\/v2\/pages\/8598\/revisions\/8613"}],"wp:attachment":[{"href":"https:\/\/dev.olda.com\/en\/wp-json\/wp\/v2\/media?parent=8598"}],"curies":[{"name":"wp","href":"https:\/\/api.w.org\/{rel}","templated":true}]}}